{"id":414,"date":"2021-02-03T08:53:00","date_gmt":"2021-02-03T07:53:00","guid":{"rendered":"https:\/\/danztrans.si\/?page_id=414"},"modified":"2021-02-03T08:56:50","modified_gmt":"2021-02-03T07:56:50","slug":"politika-piskotov","status":"publish","type":"page","link":"https:\/\/danztrans.si\/en\/politika-zasebnosti\/politika-piskotov\/","title":{"rendered":"Politika pi\u0161kotov"},"content":{"rendered":"<p><\/p>\n\n\n\n<h3 class=\"wp-block-heading\"> O politiki pi\u0161kotov <\/h3>\n\n\n\n<p>Ta pravilnik o pi\u0161kotkih pojasnjuje, kaj so pi\u0161kotki in kako jih uporabljamo. Ta pravilnik morate prebrati, da boste razumeli, kaj so pi\u0161kotki, kako jih uporabljamo, vrste pi\u0161kotkov, ki jih uporabljamo, tj. Podatke, ki jih zbiramo s pi\u0161kotki in kako se te informacije uporabljajo in kako nadzirati nastavitve pi\u0161kotkov. Za dodatne informacije o tem, kako uporabljamo, shranjujemo in ohranjamo va\u0161e osebne podatke varno, glejte na\u0161o Politiko zasebnosti.<\/p>\n\n\n\n<p>Svoje soglasje iz Izjave o pi\u0161kotkih lahko kadarkoli spremenite ali umaknete na na\u0161i spletni strani.<\/p>\n\n\n\n<p>Ve\u010d o tem, kdo smo, kako nas lahko kontaktirate in kako obdelujemo osebne podatke v na\u0161em pravilniku o zasebnosti.<\/p>\n\n\n\n<p>Va\u0161e soglasje velja za naslednje domene:<\/p>\n\n\n\n<p><strong><g class=\"gr_ gr_114 gr-alert gr_spell gr_inline_cards gr_run_anim ContextualSpelling ins-del multiReplace\" id=\"114\" data-gr-id=\"114\">danztrans<\/g>.si<\/strong><\/p>\n\n\n\n<h3 class=\"wp-block-heading\">Kaj so pi\u0161kotki?<\/h3>\n\n\n\n<p>Pi\u0161kotki so majhne besedilne datoteke, ki se uporabljajo za shranjevanje manj\u0161ih informacij. Pi\u0161kotki so shranjeni na va\u0161i napravi, ko je spletno mesto nalo\u017eeno v va\u0161em brskalniku. Ti pi\u0161kotki nam pomagajo, da spletno mesto deluje pravilno, da je spletna stran varnej\u0161a, zagotavlja bolj\u0161o uporabni\u0161ko izku\u0161njo in razume, kako deluje spletno mesto ter analizira, kaj deluje in kje potrebuje izbolj\u0161ave.<\/p>\n\n\n\n<h3 class=\"wp-block-heading\">Kako uporabljamo pi\u0161kotke?<\/h3>\n\n\n\n<p>Kot ve\u010dina spletnih storitev, na\u0161e spletno mesto uporablja pi\u0161kotke pi\u0161kotkov prve in tretje osebe za \u0161tevilne namene. Pi\u0161kotki prve strani so ve\u010dinoma potrebni za pravilno delovanje spletne strani in ne zbirajo nobenih osebnih podatkov.<\/p>\n\n\n\n<p>Pi\u0161kotki tretjih oseb, ki jih uporabljamo na na\u0161ih spletnih mestih, se uporabljajo predvsem za razumevanje delovanja spletnega mesta, kako delujete z na\u0161o spletno stranjo, ohranjajo na\u0161e storitve varne, zagotavljajo oglase, ki so pomembni za vas, in vse skupaj zagotavljajo bolj\u0161o in izbolj\u0161ano uporabni\u0161ko izku\u0161njo in pomagali pospe\u0161iti va\u0161e prihodnje interakcije z na\u0161o spletno stranjo.<\/p>\n\n\n\n<h3 class=\"wp-block-heading\"><g class=\"gr_ gr_3 gr-alert gr_spell gr_inline_cards gr_run_anim ContextualSpelling ins-del multiReplace\" id=\"3\" data-gr-id=\"3\">Katere<\/g> vrste pi\u0161kotkov <g class=\"gr_ gr_5 gr-alert gr_spell gr_inline_cards gr_run_anim ContextualSpelling\" id=\"5\" data-gr-id=\"5\">uporabljamo<\/g>?<\/h3>\n\n\n\n<p>Bistvenega pomena: Nekateri pi\u0161kotki so bistveni za to, da boste lahko do\u017eiveli polno funkcionalnost na\u0161ega spletnega mesta. Omogo\u010dajo nam, da vzdr\u017eujemo uporabni\u0161ke seje in prepre\u010dujemo varnostne gro\u017enje. Ne zbirajo in ne shranjujejo nobenih osebnih podatkov. Na primer, ti pi\u0161kotki vam omogo\u010dajo, da se prijavite v svoj ra\u010dun in dodate izdelke v va\u0161o ko\u0161arico in varno prejmete pla\u010dilo.<\/p>\n\n\n\n<p>Statistika: ti pi\u0161kotki shranjujejo informacije, kot so \u0161tevilo obiskovalcev spletnega mesta, \u0161tevilo edinstvenih obiskovalcev, katere strani so bile obiskane, vir obiska itd. Ti podatki nam pomagajo razumeti in analizirati, kako dobro spletno mesto deluje in kjer je treba izbolj\u0161ati.<\/p>\n\n\n\n<p>Marketing: Na\u0161a spletna stran prikazuje oglase. Ti pi\u0161kotki se uporabljajo za prilagajanje oglasov, ki jih prika\u017eemo, tako da so vam pomembni. Ti pi\u0161kotki nam pomagajo tudi spremljati u\u010dinkovitost teh ogla\u0161evalskih akcij.<\/p>\n\n\n\n<p>Informacije, ki so shranjene v teh pi\u0161kotkih, lahko ponudniki oglasov tretjih oseb uporabljajo tudi za prikazovanje oglasov tudi na drugih spletnih mestih v brskalniku.<\/p>\n\n\n\n<p>Funkcionalno: To so pi\u0161kotki, ki pomagajo dolo\u010denim nebistvenim funkcijam na na\u0161i spletni strani. Te funkcije vklju\u010dujejo vdelavo vsebine, kot so videoposnetki ali izmenjava vsebin na spletni strani na platformah dru\u017eabnih medijev.<\/p>\n\n\n\n<p>Nastavitve: ti pi\u0161kotki nam pomagajo shraniti nastavitve in nastavitve brskanja, kot so jezikovne nastavitve, tako da boste imeli bolj\u0161e in u\u010dinkovitej\u0161e izku\u0161nje pri prihodnjih obiskih spletnega mesta.<\/p>\n\n\n\n<figure class=\"wp-block-table\"><table><thead><tr><th>Pi\u0161kotki Google Analytics<\/th><\/tr><\/thead><tbody><tr><td><strong><code>_ga<\/code> <\/strong>(2 leti &#8211; uporablja se za razlikovanje uporabnikov.)<\/td><\/tr><tr><td><strong><code>_gid<\/code> <\/strong>(24 ur &#8211; uporablja se za razlikovanje uporabnikov.)<\/td><\/tr><tr><td><strong><code>_gat<\/code> <\/strong>( 1 minuta &#8211; uporablja se za prepoznavanje stopnje zahteve.)<\/td><\/tr><\/tbody><\/table><\/figure>\n\n\n\n<h3 class=\"wp-block-heading\">Kako lahko nadzorujem nastavitve pi\u0161kotkov?<\/h3>\n\n\n\n<p>\u010ce se odlo\u010dite spremeniti svoje nastavitve pozneje v seji brskanja, lahko na zaslonu kliknete kartico \u00bbPravilnik o zasebnosti in pi\u0161kotkih\u00ab. S tem boste ponovno prikazali obvestilo o soglasju, ki vam bo omogo\u010dilo, da spremenite svoje nastavitve ali povsem umaknete va\u0161o privolitev.<\/p>\n\n\n\n<p>Poleg tega razli\u010dni brskalniki ponujajo razli\u010dne na\u010dine blokiranja in brisanja pi\u0161kotkov, ki jih uporabljajo spletna mesta. Nastavitve brskalnika lahko spremenite, da pi\u0161kotke blokirate \/ izbri\u0161ete. \u010ce \u017eelite izvedeti ve\u010d o tem, kako upravljati in brisati pi\u0161kotke, obi\u0161\u010dite spletno mesto<\/p>\n\n\n\n<p><a href=\"https:\/\/en.wikipedia.org\/wiki\/HTTP_cookie\" target=\"_blank\" rel=\"noreferrer noopener\">wikipedia.org<\/a>, <a href=\"http:\/\/www.allaboutcookies.org\/\" target=\"_blank\" rel=\"noreferrer noopener\">www.allaboutcookies.org.<\/a><\/p>","protected":false},"excerpt":{"rendered":"<p>O politiki pi\u0161kotov Ta pravilnik o pi\u0161kotkih pojasnjuje, kaj so pi\u0161kotki in kako jih uporabljamo. Ta pravilnik morate prebrati, da boste razumeli, kaj so pi\u0161kotki, kako jih uporabljamo, vrste pi\u0161kotkov, ki jih uporabljamo, tj. Podatke, ki jih zbiramo s pi\u0161kotki in kako se te informacije uporabljajo in kako nadzirati nastavitve [&hellip;]<\/p>\n","protected":false},"author":1,"featured_media":235,"parent":214,"menu_order":0,"comment_status":"closed","ping_status":"closed","template":"","meta":{"footnotes":""},"yoast_head":"<!-- This site is optimized with the Yoast SEO plugin v23.5 - https:\/\/yoast.com\/wordpress\/plugins\/seo\/ -->\n<title>Politika pi\u0161kotov - DANZTRANS<\/title>\n<meta name=\"description\" content=\"Preberite si na\u0161o Politiko pi\u0161kotov na www.danztrans.si\" \/>\n<meta name=\"robots\" content=\"index, follow, max-snippet:-1, max-image-preview:large, max-video-preview:-1\" \/>\n<link rel=\"canonical\" href=\"https:\/\/danztrans.si\/en\/politika-zasebnosti\/politika-piskotov\/\" \/>\n<meta property=\"og:locale\" content=\"en_GB\" \/>\n<meta property=\"og:type\" content=\"article\" \/>\n<meta property=\"og:title\" content=\"Politika pi\u0161kotov - DANZTRANS\" \/>\n<meta property=\"og:description\" content=\"Preberite si na\u0161o Politiko pi\u0161kotov na www.danztrans.si\" \/>\n<meta property=\"og:url\" content=\"https:\/\/danztrans.si\/en\/politika-zasebnosti\/politika-piskotov\/\" \/>\n<meta property=\"og:site_name\" content=\"DANZTRANS\" \/>\n<meta property=\"article:publisher\" content=\"https:\/\/www.facebook.com\/DANZTRANS\/\" \/>\n<meta property=\"article:modified_time\" content=\"2021-02-03T07:56:50+00:00\" \/>\n<meta property=\"og:image\" content=\"https:\/\/danztrans.si\/wp-content\/uploads\/2018\/09\/2014-1024x729.jpg\" \/>\n\t<meta property=\"og:image:width\" content=\"1024\" \/>\n\t<meta property=\"og:image:height\" content=\"729\" \/>\n\t<meta property=\"og:image:type\" content=\"image\/jpeg\" \/>\n<meta name=\"twitter:card\" content=\"summary_large_image\" \/>\n<meta name=\"twitter:label1\" content=\"Estimated reading time\" \/>\n\t<meta name=\"twitter:data1\" content=\"3 minutes\" \/>\n<script type=\"application\/ld+json\" class=\"yoast-schema-graph\">{\"@context\":\"https:\/\/schema.org\",\"@graph\":[{\"@type\":\"WebPage\",\"@id\":\"https:\/\/danztrans.si\/politika-zasebnosti\/politika-piskotov\/\",\"url\":\"https:\/\/danztrans.si\/politika-zasebnosti\/politika-piskotov\/\",\"name\":\"Politika pi\u0161kotov - DANZTRANS\",\"isPartOf\":{\"@id\":\"https:\/\/danztrans.si\/#website\"},\"primaryImageOfPage\":{\"@id\":\"https:\/\/danztrans.si\/politika-zasebnosti\/politika-piskotov\/#primaryimage\"},\"image\":{\"@id\":\"https:\/\/danztrans.si\/politika-zasebnosti\/politika-piskotov\/#primaryimage\"},\"thumbnailUrl\":\"https:\/\/danztrans.si\/wp-content\/uploads\/2018\/09\/2014.jpg\",\"datePublished\":\"2021-02-03T07:53:00+00:00\",\"dateModified\":\"2021-02-03T07:56:50+00:00\",\"description\":\"Preberite si na\u0161o Politiko pi\u0161kotov na www.danztrans.si\",\"breadcrumb\":{\"@id\":\"https:\/\/danztrans.si\/politika-zasebnosti\/politika-piskotov\/#breadcrumb\"},\"inLanguage\":\"en-GB\",\"potentialAction\":[{\"@type\":\"ReadAction\",\"target\":[\"https:\/\/danztrans.si\/politika-zasebnosti\/politika-piskotov\/\"]}]},{\"@type\":\"ImageObject\",\"inLanguage\":\"en-GB\",\"@id\":\"https:\/\/danztrans.si\/politika-zasebnosti\/politika-piskotov\/#primaryimage\",\"url\":\"https:\/\/danztrans.si\/wp-content\/uploads\/2018\/09\/2014.jpg\",\"contentUrl\":\"https:\/\/danztrans.si\/wp-content\/uploads\/2018\/09\/2014.jpg\",\"width\":4000,\"height\":2846},{\"@type\":\"BreadcrumbList\",\"@id\":\"https:\/\/danztrans.si\/politika-zasebnosti\/politika-piskotov\/#breadcrumb\",\"itemListElement\":[{\"@type\":\"ListItem\",\"position\":1,\"name\":\"Home\",\"item\":\"https:\/\/danztrans.si\/\"},{\"@type\":\"ListItem\",\"position\":2,\"name\":\"Politika zasebnosti\",\"item\":\"https:\/\/danztrans.si\/politika-zasebnosti\/\"},{\"@type\":\"ListItem\",\"position\":3,\"name\":\"Politika pi\u0161kotov\"}]},{\"@type\":\"WebSite\",\"@id\":\"https:\/\/danztrans.si\/#website\",\"url\":\"https:\/\/danztrans.si\/\",\"name\":\"DANZTRANS\",\"description\":\"DANZTRANS-V sodelovanju z Vami\",\"publisher\":{\"@id\":\"https:\/\/danztrans.si\/#organization\"},\"potentialAction\":[{\"@type\":\"SearchAction\",\"target\":{\"@type\":\"EntryPoint\",\"urlTemplate\":\"https:\/\/danztrans.si\/?s={search_term_string}\"},\"query-input\":{\"@type\":\"PropertyValueSpecification\",\"valueRequired\":true,\"valueName\":\"search_term_string\"}}],\"inLanguage\":\"en-GB\"},{\"@type\":\"Organization\",\"@id\":\"https:\/\/danztrans.si\/#organization\",\"name\":\"DANZTRANS, Transport in Logistika, d.o.o.\",\"url\":\"https:\/\/danztrans.si\/\",\"logo\":{\"@type\":\"ImageObject\",\"inLanguage\":\"en-GB\",\"@id\":\"https:\/\/danztrans.si\/#\/schema\/logo\/image\/\",\"url\":\"https:\/\/danztrans.si\/wp-content\/uploads\/2017\/11\/logo-in-slogan-06-e1511897632518.png\",\"contentUrl\":\"https:\/\/danztrans.si\/wp-content\/uploads\/2017\/11\/logo-in-slogan-06-e1511897632518.png\",\"width\":800,\"height\":1132,\"caption\":\"DANZTRANS, Transport in Logistika, d.o.o.\"},\"image\":{\"@id\":\"https:\/\/danztrans.si\/#\/schema\/logo\/image\/\"},\"sameAs\":[\"https:\/\/www.facebook.com\/DANZTRANS\/\",\"https:\/\/www.instagram.com\/danztrans_transport_logistics\/\"]}]}<\/script>\n<!-- \/ Yoast SEO plugin. -->","yoast_head_json":{"title":"Politika pi\u0161kotov - DANZTRANS","description":"Preberite si na\u0161o Politiko pi\u0161kotov na www.danztrans.si","robots":{"index":"index","follow":"follow","max-snippet":"max-snippet:-1","max-image-preview":"max-image-preview:large","max-video-preview":"max-video-preview:-1"},"canonical":"https:\/\/danztrans.si\/en\/politika-zasebnosti\/politika-piskotov\/","og_locale":"en_GB","og_type":"article","og_title":"Politika pi\u0161kotov - DANZTRANS","og_description":"Preberite si na\u0161o Politiko pi\u0161kotov na www.danztrans.si","og_url":"https:\/\/danztrans.si\/en\/politika-zasebnosti\/politika-piskotov\/","og_site_name":"DANZTRANS","article_publisher":"https:\/\/www.facebook.com\/DANZTRANS\/","article_modified_time":"2021-02-03T07:56:50+00:00","og_image":[{"width":1024,"height":729,"url":"https:\/\/danztrans.si\/wp-content\/uploads\/2018\/09\/2014-1024x729.jpg","type":"image\/jpeg"}],"twitter_card":"summary_large_image","twitter_misc":{"Estimated reading time":"3 minutes"},"schema":{"@context":"https:\/\/schema.org","@graph":[{"@type":"WebPage","@id":"https:\/\/danztrans.si\/politika-zasebnosti\/politika-piskotov\/","url":"https:\/\/danztrans.si\/politika-zasebnosti\/politika-piskotov\/","name":"Politika pi\u0161kotov - DANZTRANS","isPartOf":{"@id":"https:\/\/danztrans.si\/#website"},"primaryImageOfPage":{"@id":"https:\/\/danztrans.si\/politika-zasebnosti\/politika-piskotov\/#primaryimage"},"image":{"@id":"https:\/\/danztrans.si\/politika-zasebnosti\/politika-piskotov\/#primaryimage"},"thumbnailUrl":"https:\/\/danztrans.si\/wp-content\/uploads\/2018\/09\/2014.jpg","datePublished":"2021-02-03T07:53:00+00:00","dateModified":"2021-02-03T07:56:50+00:00","description":"Preberite si na\u0161o Politiko pi\u0161kotov na www.danztrans.si","breadcrumb":{"@id":"https:\/\/danztrans.si\/politika-zasebnosti\/politika-piskotov\/#breadcrumb"},"inLanguage":"en-GB","potentialAction":[{"@type":"ReadAction","target":["https:\/\/danztrans.si\/politika-zasebnosti\/politika-piskotov\/"]}]},{"@type":"ImageObject","inLanguage":"en-GB","@id":"https:\/\/danztrans.si\/politika-zasebnosti\/politika-piskotov\/#primaryimage","url":"https:\/\/danztrans.si\/wp-content\/uploads\/2018\/09\/2014.jpg","contentUrl":"https:\/\/danztrans.si\/wp-content\/uploads\/2018\/09\/2014.jpg","width":4000,"height":2846},{"@type":"BreadcrumbList","@id":"https:\/\/danztrans.si\/politika-zasebnosti\/politika-piskotov\/#breadcrumb","itemListElement":[{"@type":"ListItem","position":1,"name":"Home","item":"https:\/\/danztrans.si\/"},{"@type":"ListItem","position":2,"name":"Politika zasebnosti","item":"https:\/\/danztrans.si\/politika-zasebnosti\/"},{"@type":"ListItem","position":3,"name":"Politika pi\u0161kotov"}]},{"@type":"WebSite","@id":"https:\/\/danztrans.si\/#website","url":"https:\/\/danztrans.si\/","name":"DANZTRANS","description":"DANZTRANS-V sodelovanju z Vami","publisher":{"@id":"https:\/\/danztrans.si\/#organization"},"potentialAction":[{"@type":"SearchAction","target":{"@type":"EntryPoint","urlTemplate":"https:\/\/danztrans.si\/?s={search_term_string}"},"query-input":{"@type":"PropertyValueSpecification","valueRequired":true,"valueName":"search_term_string"}}],"inLanguage":"en-GB"},{"@type":"Organization","@id":"https:\/\/danztrans.si\/#organization","name":"DANZTRANS, Transport in Logistika, d.o.o.","url":"https:\/\/danztrans.si\/","logo":{"@type":"ImageObject","inLanguage":"en-GB","@id":"https:\/\/danztrans.si\/#\/schema\/logo\/image\/","url":"https:\/\/danztrans.si\/wp-content\/uploads\/2017\/11\/logo-in-slogan-06-e1511897632518.png","contentUrl":"https:\/\/danztrans.si\/wp-content\/uploads\/2017\/11\/logo-in-slogan-06-e1511897632518.png","width":800,"height":1132,"caption":"DANZTRANS, Transport in Logistika, d.o.o."},"image":{"@id":"https:\/\/danztrans.si\/#\/schema\/logo\/image\/"},"sameAs":["https:\/\/www.facebook.com\/DANZTRANS\/","https:\/\/www.instagram.com\/danztrans_transport_logistics\/"]}]}},"_links":{"self":[{"href":"https:\/\/danztrans.si\/en\/wp-json\/wp\/v2\/pages\/414"}],"collection":[{"href":"https:\/\/danztrans.si\/en\/wp-json\/wp\/v2\/pages"}],"about":[{"href":"https:\/\/danztrans.si\/en\/wp-json\/wp\/v2\/types\/page"}],"author":[{"embeddable":true,"href":"https:\/\/danztrans.si\/en\/wp-json\/wp\/v2\/users\/1"}],"replies":[{"embeddable":true,"href":"https:\/\/danztrans.si\/en\/wp-json\/wp\/v2\/comments?post=414"}],"version-history":[{"count":2,"href":"https:\/\/danztrans.si\/en\/wp-json\/wp\/v2\/pages\/414\/revisions"}],"predecessor-version":[{"id":417,"href":"https:\/\/danztrans.si\/en\/wp-json\/wp\/v2\/pages\/414\/revisions\/417"}],"up":[{"embeddable":true,"href":"https:\/\/danztrans.si\/en\/wp-json\/wp\/v2\/pages\/214"}],"wp:featuredmedia":[{"embeddable":true,"href":"https:\/\/danztrans.si\/en\/wp-json\/wp\/v2\/media\/235"}],"wp:attachment":[{"href":"https:\/\/danztrans.si\/en\/wp-json\/wp\/v2\/media?parent=414"}],"curies":[{"name":"wp","href":"https:\/\/api.w.org\/{rel}","templated":true}]}}