{"id":317,"date":"2019-05-10T16:51:55","date_gmt":"2019-05-10T14:51:55","guid":{"rendered":"https:\/\/danztrans.si\/?page_id=317"},"modified":"2023-05-18T13:56:23","modified_gmt":"2023-05-18T11:56:23","slug":"skladiscenje-blaga-ljubljana","status":"publish","type":"page","link":"https:\/\/danztrans.si\/en\/skladiscenje-blaga-ljubljana\/","title":{"rendered":"Storage of goods"},"content":{"rendered":"<h3 class=\"has-text-align-center wp-block-heading\">Storage of goods on Letali\u0161ka cesta in Ljubljana<\/h3>\n\n\n\n<h6 class=\"has-text-align-center wp-block-heading\">Working hours of the storage is <strong>from Monday to Friday<\/strong> between <strong>7 AM and 8 PM,<\/strong>on <strong>Saturdays<\/strong> between <strong>7 AM and 12 PM<\/strong>. Sundays and holidays upon prior arrangement. <\/h6>\n\n\n\n<p class=\"has-text-align-center has-accent-color has-text-color\"> <br>For more information and an offer call <strong> +386 (0) 41 646 918 <\/strong> or write to <strong>danijel.novak@danztrans.si<\/strong><\/p>\n\n\n\n<hr class=\"wp-block-separator is-style-wide\"\/>\n\n\n\n<div class=\"wp-block-media-text alignwide is-stacked-on-mobile\" style=\"grid-template-columns:37% auto\"><figure class=\"wp-block-media-text__media\"><img loading=\"lazy\" decoding=\"async\" width=\"560\" height=\"315\" src=\"https:\/\/danztrans.si\/wp-content\/uploads\/2019\/05\/dodelana2.png\" alt=\"\" class=\"wp-image-340 size-full\" srcset=\"https:\/\/danztrans.si\/wp-content\/uploads\/2019\/05\/dodelana2.png 560w, https:\/\/danztrans.si\/wp-content\/uploads\/2019\/05\/dodelana2-300x169.png 300w\" sizes=\"(max-width: 560px) 100vw, 560px\" \/><\/figure><div class=\"wp-block-media-text__content\">\n<p> Our partner takes care of the proper storage of your goods. We are aware that proper storage of goods is a key part of any supply chain. With the professionalism and experience we have together, we can offer you the most suitable storage solution that ensures adequate storage of all types of goods. The warehouses are located in the capital of Slovenia - Ljubljana, which is both the business center of Slovenia and the crossroads of transport routes within the narrower and wider region. <\/p>\n<\/div><\/div>\n\n\n\n<hr class=\"wp-block-separator\"\/>\n\n\n\n<div class=\"wp-block-media-text alignwide is-stacked-on-mobile\" style=\"grid-template-columns:37% auto\"><figure class=\"wp-block-media-text__media\"><img loading=\"lazy\" decoding=\"async\" width=\"560\" height=\"315\" src=\"https:\/\/danztrans.si\/wp-content\/uploads\/2019\/05\/dodelana1.png\" alt=\"\" class=\"wp-image-339 size-full\" srcset=\"https:\/\/danztrans.si\/wp-content\/uploads\/2019\/05\/dodelana1.png 560w, https:\/\/danztrans.si\/wp-content\/uploads\/2019\/05\/dodelana1-300x169.png 300w\" sizes=\"(max-width: 560px) 100vw, 560px\" \/><\/figure><div class=\"wp-block-media-text__content\">\n<p>The warehouse is located on the western ring road in Ljubljana (BTC), at\nLetali\u0161ka cesta 33M, by the OMV petrol station, near the customs terminal. We can say that it is, so to speak, \"at the door to the world\" and at the same time in the immediate vicinity of the center of Ljubljana, as the capital of Slovenia.<\/p>\n<\/div><\/div>\n\n\n\n<hr class=\"wp-block-separator\"\/>\n\n\n\n<div class=\"wp-block-media-text alignwide is-stacked-on-mobile\" style=\"grid-template-columns:37% auto\"><figure class=\"wp-block-media-text__media\"><img loading=\"lazy\" decoding=\"async\" width=\"560\" height=\"315\" src=\"https:\/\/danztrans.si\/wp-content\/uploads\/2019\/05\/dodelana4.png\" alt=\"\" class=\"wp-image-342 size-full\" srcset=\"https:\/\/danztrans.si\/wp-content\/uploads\/2019\/05\/dodelana4.png 560w, https:\/\/danztrans.si\/wp-content\/uploads\/2019\/05\/dodelana4-300x169.png 300w\" sizes=\"(max-width: 560px) 100vw, 560px\" \/><\/figure><div class=\"wp-block-media-text__content\">\n<p>They currently have <strong>10.000m2 of their own warehouse surfaces<\/strong>, the warehouse or the manipulative part of the warehouse is equipped with eleven automatic loading ramps, which together enable the smooth operation and implementation of the movement of goods to and from the warehouse.<\/p>\n\n\n\n<p><strong>Manipulative part <\/strong>next to the ramps intended for receiving and preparing goods is large - <strong>500m2<\/strong>.<\/p>\n<\/div><\/div>\n\n\n\n<hr class=\"wp-block-separator\"\/>\n\n\n\n<p class=\"has-text-align-center has-accent-color has-white-background-color has-text-color has-background\"> <br>For more information and an offer call <strong> +386 (0) 41 646 918 <\/strong> or write to <strong>danijel.novak@danztrans.si<\/strong> <\/p>\n\n\n\n<p><\/p>\n\n\n\n<hr class=\"wp-block-separator\"\/>\n\n\n\n<div class=\"wp-block-media-text alignwide is-stacked-on-mobile\" style=\"grid-template-columns:37% auto\"><figure class=\"wp-block-media-text__media\"><img loading=\"lazy\" decoding=\"async\" width=\"560\" height=\"315\" src=\"https:\/\/danztrans.si\/wp-content\/uploads\/2019\/05\/dodelana3.png\" alt=\"\" class=\"wp-image-341 size-full\" srcset=\"https:\/\/danztrans.si\/wp-content\/uploads\/2019\/05\/dodelana3.png 560w, https:\/\/danztrans.si\/wp-content\/uploads\/2019\/05\/dodelana3-300x169.png 300w\" sizes=\"(max-width: 560px) 100vw, 560px\" \/><\/figure><div class=\"wp-block-media-text__content\">\n<p>The facility is equipped with an electronic anti-burglary and video surveillance system, which ensures quality and safe handling of our partners' goods. The goods are secured in their warehouse.<\/p>\n<\/div><\/div>\n\n\n\n<hr class=\"wp-block-separator is-style-wide\"\/>\n\n\n\n<p><\/p>\n\n\n\n<div class=\"wp-block-button aligncenter is-style-default is-style-fill\"><a class=\"wp-block-button__link has-accent-background-color has-background no-border-radius\" href=\"https:\/\/danztrans.si\/en\/kontakt\/\">More information and offer<br><\/a><\/div>\n\n\n\n<p>For the needs of your successful business, we can offer you:<\/p>\n\n\n\n<ul><li><strong>handling of goods (unloading, transhipment, circulation,\u2026), <\/strong><\/li><li><strong>storage of goods in a warehouse,<\/strong><\/li><li><strong>commissioning of goods for the needs of detailed distribution,<\/strong><\/li><li><strong>repackaging, labeling, goods declaration,<\/strong><\/li><li><strong>parking of trucks,<\/strong><\/li><li><strong>other parallel necessary services related to the company's activity and your needs,<\/strong><\/li><li><strong>transport services.<\/strong><\/li><\/ul>\n\n\n\n<p>Working hours of the storage is <strong>from Monday to Friday between 7 AM and 8 PM<\/strong>on <strong>Saturdays between 7 AM and 12 PM<\/strong>. Sundays and holidays upon prior arrangement.<\/p>\n\n\n\n<p>Their team ensures safe and correct handling of cargo, provides transhipment and quality control services. They perform storage professionally and individually. They are careful in all storage processes and do their best to keep the goods safe and stored in good conditions.<\/p>\n\n\n\n<p class=\"has-text-align-center has-accent-color has-text-color\"> <br> <br>For more information and an offer call <strong> +386 (0) 41 646 918 <\/strong> or write to <strong>danijel.novak@danztrans.si<\/strong> <\/p>","protected":false},"excerpt":{"rendered":"<p>Skladi\u0161\u010denje blaga na Letali\u0161ki cesti v Ljubljani Obratovalni \u010das skladi\u0161\u010da je od ponedeljka do petka med 7. in 20. uro, ob sobotah med 7. in 12. uro. Nedelje in praznike po dogovoru. Za ve\u010d informacij in ponudbo pokli\u010dite +386 (0) 41 646 918 ali pi\u0161ite na danijel.novak@danztrans.si Na\u0161 partner poskrbi [&hellip;]<\/p>\n","protected":false},"author":1,"featured_media":319,"parent":0,"menu_order":0,"comment_status":"closed","ping_status":"closed","template":"","meta":{"footnotes":""},"yoast_head":"<!-- This site is optimized with the Yoast SEO plugin v23.5 - https:\/\/yoast.com\/wordpress\/plugins\/seo\/ -->\n<title>Skladi\u0161\u010denje blaga - DANZTRANS<\/title>\n<meta name=\"description\" content=\"Skladi\u0161\u010de le\u017ei ob zahodni obvoznici v Ljubljani (BTC), na Letali\u0161ki cesti 33M, pri OMV-bencinskem servisu, v bli\u017eini carinskega terminala. Na voljo: manipulacijo blaga (razkladi, prekladi, nakladi, ...), skladi\u0161\u010denje blaga v skladi\u0161\u010du,komisioniranje blaga za potrebe detajlne distribucije,prepakiranje, etiketiranje, deklariranje blaga,parkiranje tovornih vozil,druge vzporedno potrebne storitve v zvezi z dejavnostjo podjetja in va\u0161imi potrebami,prevozne storitve.\ufeff\" \/>\n<meta name=\"robots\" content=\"index, follow, max-snippet:-1, max-image-preview:large, max-video-preview:-1\" \/>\n<link rel=\"canonical\" href=\"https:\/\/danztrans.si\/en\/skladiscenje-blaga-ljubljana\/\" \/>\n<meta property=\"og:locale\" content=\"en_GB\" \/>\n<meta property=\"og:type\" content=\"article\" \/>\n<meta property=\"og:title\" content=\"Skladi\u0161\u010denje blaga - DANZTRANS\" \/>\n<meta property=\"og:description\" content=\"Skladi\u0161\u010de le\u017ei ob zahodni obvoznici v Ljubljani (BTC), na Letali\u0161ki cesti 33M, pri OMV-bencinskem servisu, v bli\u017eini carinskega terminala. Na voljo: manipulacijo blaga (razkladi, prekladi, nakladi, ...), skladi\u0161\u010denje blaga v skladi\u0161\u010du,komisioniranje blaga za potrebe detajlne distribucije,prepakiranje, etiketiranje, deklariranje blaga,parkiranje tovornih vozil,druge vzporedno potrebne storitve v zvezi z dejavnostjo podjetja in va\u0161imi potrebami,prevozne storitve.\ufeff\" \/>\n<meta property=\"og:url\" content=\"https:\/\/danztrans.si\/en\/skladiscenje-blaga-ljubljana\/\" \/>\n<meta property=\"og:site_name\" content=\"DANZTRANS\" \/>\n<meta property=\"article:publisher\" content=\"https:\/\/www.facebook.com\/DANZTRANS\/\" \/>\n<meta property=\"article:modified_time\" content=\"2023-05-18T11:56:23+00:00\" \/>\n<meta property=\"og:image\" content=\"https:\/\/danztrans.si\/wp-content\/uploads\/2019\/05\/OMEG910-1024x768.jpg\" \/>\n\t<meta property=\"og:image:width\" content=\"1024\" \/>\n\t<meta property=\"og:image:height\" content=\"768\" \/>\n\t<meta property=\"og:image:type\" content=\"image\/jpeg\" \/>\n<meta name=\"twitter:card\" content=\"summary_large_image\" \/>\n<meta name=\"twitter:label1\" content=\"Estimated reading time\" \/>\n\t<meta name=\"twitter:data1\" content=\"3 minutes\" \/>\n<script type=\"application\/ld+json\" class=\"yoast-schema-graph\">{\"@context\":\"https:\/\/schema.org\",\"@graph\":[{\"@type\":\"WebPage\",\"@id\":\"https:\/\/danztrans.si\/skladiscenje-blaga-ljubljana\/\",\"url\":\"https:\/\/danztrans.si\/skladiscenje-blaga-ljubljana\/\",\"name\":\"Skladi\u0161\u010denje blaga - DANZTRANS\",\"isPartOf\":{\"@id\":\"https:\/\/danztrans.si\/#website\"},\"primaryImageOfPage\":{\"@id\":\"https:\/\/danztrans.si\/skladiscenje-blaga-ljubljana\/#primaryimage\"},\"image\":{\"@id\":\"https:\/\/danztrans.si\/skladiscenje-blaga-ljubljana\/#primaryimage\"},\"thumbnailUrl\":\"https:\/\/danztrans.si\/wp-content\/uploads\/2019\/05\/OMEG910.jpg\",\"datePublished\":\"2019-05-10T14:51:55+00:00\",\"dateModified\":\"2023-05-18T11:56:23+00:00\",\"description\":\"Skladi\u0161\u010de le\u017ei ob zahodni obvoznici v Ljubljani (BTC), na Letali\u0161ki cesti 33M, pri OMV-bencinskem servisu, v bli\u017eini carinskega terminala. Na voljo: manipulacijo blaga (razkladi, prekladi, nakladi, ...), skladi\u0161\u010denje blaga v skladi\u0161\u010du,komisioniranje blaga za potrebe detajlne distribucije,prepakiranje, etiketiranje, deklariranje blaga,parkiranje tovornih vozil,druge vzporedno potrebne storitve v zvezi z dejavnostjo podjetja in va\u0161imi potrebami,prevozne storitve.\ufeff\",\"breadcrumb\":{\"@id\":\"https:\/\/danztrans.si\/skladiscenje-blaga-ljubljana\/#breadcrumb\"},\"inLanguage\":\"en-GB\",\"potentialAction\":[{\"@type\":\"ReadAction\",\"target\":[\"https:\/\/danztrans.si\/skladiscenje-blaga-ljubljana\/\"]}]},{\"@type\":\"ImageObject\",\"inLanguage\":\"en-GB\",\"@id\":\"https:\/\/danztrans.si\/skladiscenje-blaga-ljubljana\/#primaryimage\",\"url\":\"https:\/\/danztrans.si\/wp-content\/uploads\/2019\/05\/OMEG910.jpg\",\"contentUrl\":\"https:\/\/danztrans.si\/wp-content\/uploads\/2019\/05\/OMEG910.jpg\",\"width\":4500,\"height\":3375,\"caption\":\"Skladi\u0161\u010denje blaga na Letali\u0161ki v Ljubljani\"},{\"@type\":\"BreadcrumbList\",\"@id\":\"https:\/\/danztrans.si\/skladiscenje-blaga-ljubljana\/#breadcrumb\",\"itemListElement\":[{\"@type\":\"ListItem\",\"position\":1,\"name\":\"Home\",\"item\":\"https:\/\/danztrans.si\/\"},{\"@type\":\"ListItem\",\"position\":2,\"name\":\"Skladi\u0161\u010denje blaga\"}]},{\"@type\":\"WebSite\",\"@id\":\"https:\/\/danztrans.si\/#website\",\"url\":\"https:\/\/danztrans.si\/\",\"name\":\"DANZTRANS\",\"description\":\"DANZTRANS-V sodelovanju z Vami\",\"publisher\":{\"@id\":\"https:\/\/danztrans.si\/#organization\"},\"potentialAction\":[{\"@type\":\"SearchAction\",\"target\":{\"@type\":\"EntryPoint\",\"urlTemplate\":\"https:\/\/danztrans.si\/?s={search_term_string}\"},\"query-input\":{\"@type\":\"PropertyValueSpecification\",\"valueRequired\":true,\"valueName\":\"search_term_string\"}}],\"inLanguage\":\"en-GB\"},{\"@type\":\"Organization\",\"@id\":\"https:\/\/danztrans.si\/#organization\",\"name\":\"DANZTRANS, Transport in Logistika, d.o.o.\",\"url\":\"https:\/\/danztrans.si\/\",\"logo\":{\"@type\":\"ImageObject\",\"inLanguage\":\"en-GB\",\"@id\":\"https:\/\/danztrans.si\/#\/schema\/logo\/image\/\",\"url\":\"https:\/\/danztrans.si\/wp-content\/uploads\/2017\/11\/logo-in-slogan-06-e1511897632518.png\",\"contentUrl\":\"https:\/\/danztrans.si\/wp-content\/uploads\/2017\/11\/logo-in-slogan-06-e1511897632518.png\",\"width\":800,\"height\":1132,\"caption\":\"DANZTRANS, Transport in Logistika, d.o.o.\"},\"image\":{\"@id\":\"https:\/\/danztrans.si\/#\/schema\/logo\/image\/\"},\"sameAs\":[\"https:\/\/www.facebook.com\/DANZTRANS\/\",\"https:\/\/www.instagram.com\/danztrans_transport_logistics\/\"]}]}<\/script>\n<!-- \/ Yoast SEO plugin. -->","yoast_head_json":{"title":"Skladi\u0161\u010denje blaga - DANZTRANS","description":"Skladi\u0161\u010de le\u017ei ob zahodni obvoznici v Ljubljani (BTC), na Letali\u0161ki cesti 33M, pri OMV-bencinskem servisu, v bli\u017eini carinskega terminala. Na voljo: manipulacijo blaga (razkladi, prekladi, nakladi, ...), skladi\u0161\u010denje blaga v skladi\u0161\u010du,komisioniranje blaga za potrebe detajlne distribucije,prepakiranje, etiketiranje, deklariranje blaga,parkiranje tovornih vozil,druge vzporedno potrebne storitve v zvezi z dejavnostjo podjetja in va\u0161imi potrebami,prevozne storitve.\ufeff","robots":{"index":"index","follow":"follow","max-snippet":"max-snippet:-1","max-image-preview":"max-image-preview:large","max-video-preview":"max-video-preview:-1"},"canonical":"https:\/\/danztrans.si\/en\/skladiscenje-blaga-ljubljana\/","og_locale":"en_GB","og_type":"article","og_title":"Skladi\u0161\u010denje blaga - DANZTRANS","og_description":"Skladi\u0161\u010de le\u017ei ob zahodni obvoznici v Ljubljani (BTC), na Letali\u0161ki cesti 33M, pri OMV-bencinskem servisu, v bli\u017eini carinskega terminala. Na voljo: manipulacijo blaga (razkladi, prekladi, nakladi, ...), skladi\u0161\u010denje blaga v skladi\u0161\u010du,komisioniranje blaga za potrebe detajlne distribucije,prepakiranje, etiketiranje, deklariranje blaga,parkiranje tovornih vozil,druge vzporedno potrebne storitve v zvezi z dejavnostjo podjetja in va\u0161imi potrebami,prevozne storitve.\ufeff","og_url":"https:\/\/danztrans.si\/en\/skladiscenje-blaga-ljubljana\/","og_site_name":"DANZTRANS","article_publisher":"https:\/\/www.facebook.com\/DANZTRANS\/","article_modified_time":"2023-05-18T11:56:23+00:00","og_image":[{"width":1024,"height":768,"url":"https:\/\/danztrans.si\/wp-content\/uploads\/2019\/05\/OMEG910-1024x768.jpg","type":"image\/jpeg"}],"twitter_card":"summary_large_image","twitter_misc":{"Estimated reading time":"3 minutes"},"schema":{"@context":"https:\/\/schema.org","@graph":[{"@type":"WebPage","@id":"https:\/\/danztrans.si\/skladiscenje-blaga-ljubljana\/","url":"https:\/\/danztrans.si\/skladiscenje-blaga-ljubljana\/","name":"Skladi\u0161\u010denje blaga - DANZTRANS","isPartOf":{"@id":"https:\/\/danztrans.si\/#website"},"primaryImageOfPage":{"@id":"https:\/\/danztrans.si\/skladiscenje-blaga-ljubljana\/#primaryimage"},"image":{"@id":"https:\/\/danztrans.si\/skladiscenje-blaga-ljubljana\/#primaryimage"},"thumbnailUrl":"https:\/\/danztrans.si\/wp-content\/uploads\/2019\/05\/OMEG910.jpg","datePublished":"2019-05-10T14:51:55+00:00","dateModified":"2023-05-18T11:56:23+00:00","description":"Skladi\u0161\u010de le\u017ei ob zahodni obvoznici v Ljubljani (BTC), na Letali\u0161ki cesti 33M, pri OMV-bencinskem servisu, v bli\u017eini carinskega terminala. Na voljo: manipulacijo blaga (razkladi, prekladi, nakladi, ...), skladi\u0161\u010denje blaga v skladi\u0161\u010du,komisioniranje blaga za potrebe detajlne distribucije,prepakiranje, etiketiranje, deklariranje blaga,parkiranje tovornih vozil,druge vzporedno potrebne storitve v zvezi z dejavnostjo podjetja in va\u0161imi potrebami,prevozne storitve.\ufeff","breadcrumb":{"@id":"https:\/\/danztrans.si\/skladiscenje-blaga-ljubljana\/#breadcrumb"},"inLanguage":"en-GB","potentialAction":[{"@type":"ReadAction","target":["https:\/\/danztrans.si\/skladiscenje-blaga-ljubljana\/"]}]},{"@type":"ImageObject","inLanguage":"en-GB","@id":"https:\/\/danztrans.si\/skladiscenje-blaga-ljubljana\/#primaryimage","url":"https:\/\/danztrans.si\/wp-content\/uploads\/2019\/05\/OMEG910.jpg","contentUrl":"https:\/\/danztrans.si\/wp-content\/uploads\/2019\/05\/OMEG910.jpg","width":4500,"height":3375,"caption":"Skladi\u0161\u010denje blaga na Letali\u0161ki v Ljubljani"},{"@type":"BreadcrumbList","@id":"https:\/\/danztrans.si\/skladiscenje-blaga-ljubljana\/#breadcrumb","itemListElement":[{"@type":"ListItem","position":1,"name":"Home","item":"https:\/\/danztrans.si\/"},{"@type":"ListItem","position":2,"name":"Skladi\u0161\u010denje blaga"}]},{"@type":"WebSite","@id":"https:\/\/danztrans.si\/#website","url":"https:\/\/danztrans.si\/","name":"DANZTRANS","description":"DANZTRANS-V sodelovanju z Vami","publisher":{"@id":"https:\/\/danztrans.si\/#organization"},"potentialAction":[{"@type":"SearchAction","target":{"@type":"EntryPoint","urlTemplate":"https:\/\/danztrans.si\/?s={search_term_string}"},"query-input":{"@type":"PropertyValueSpecification","valueRequired":true,"valueName":"search_term_string"}}],"inLanguage":"en-GB"},{"@type":"Organization","@id":"https:\/\/danztrans.si\/#organization","name":"DANZTRANS, Transport in Logistika, d.o.o.","url":"https:\/\/danztrans.si\/","logo":{"@type":"ImageObject","inLanguage":"en-GB","@id":"https:\/\/danztrans.si\/#\/schema\/logo\/image\/","url":"https:\/\/danztrans.si\/wp-content\/uploads\/2017\/11\/logo-in-slogan-06-e1511897632518.png","contentUrl":"https:\/\/danztrans.si\/wp-content\/uploads\/2017\/11\/logo-in-slogan-06-e1511897632518.png","width":800,"height":1132,"caption":"DANZTRANS, Transport in Logistika, d.o.o."},"image":{"@id":"https:\/\/danztrans.si\/#\/schema\/logo\/image\/"},"sameAs":["https:\/\/www.facebook.com\/DANZTRANS\/","https:\/\/www.instagram.com\/danztrans_transport_logistics\/"]}]}},"_links":{"self":[{"href":"https:\/\/danztrans.si\/en\/wp-json\/wp\/v2\/pages\/317"}],"collection":[{"href":"https:\/\/danztrans.si\/en\/wp-json\/wp\/v2\/pages"}],"about":[{"href":"https:\/\/danztrans.si\/en\/wp-json\/wp\/v2\/types\/page"}],"author":[{"embeddable":true,"href":"https:\/\/danztrans.si\/en\/wp-json\/wp\/v2\/users\/1"}],"replies":[{"embeddable":true,"href":"https:\/\/danztrans.si\/en\/wp-json\/wp\/v2\/comments?post=317"}],"version-history":[{"count":18,"href":"https:\/\/danztrans.si\/en\/wp-json\/wp\/v2\/pages\/317\/revisions"}],"predecessor-version":[{"id":511,"href":"https:\/\/danztrans.si\/en\/wp-json\/wp\/v2\/pages\/317\/revisions\/511"}],"wp:featuredmedia":[{"embeddable":true,"href":"https:\/\/danztrans.si\/en\/wp-json\/wp\/v2\/media\/319"}],"wp:attachment":[{"href":"https:\/\/danztrans.si\/en\/wp-json\/wp\/v2\/media?parent=317"}],"curies":[{"name":"wp","href":"https:\/\/api.w.org\/{rel}","templated":true}]}}