{"id":214,"date":"2018-05-31T18:23:02","date_gmt":"2018-05-31T16:23:02","guid":{"rendered":"https:\/\/danztrans.si\/?page_id=214"},"modified":"2018-05-31T18:24:26","modified_gmt":"2018-05-31T16:24:26","slug":"politika-zasebnosti","status":"publish","type":"page","link":"https:\/\/danztrans.si\/en\/politika-zasebnosti\/","title":{"rendered":"Privacy Policy"},"content":{"rendered":"<h2>Who are we?<\/h2>\n<p>Our page is: https:\/\/danztrans.si.<\/p>\n<h2>What kind of personal information we collect and why<\/h2>\n<h3>Comments<\/h3>\n<p><span id=\"result_box\" class=\"\" lang=\"sl\"><span title=\"When visitors leave comments on the site we collect the data shown in the comments form, and also the visitor\u2019s IP address and browser user agent string to help spam detection. \">When visitors leave comments on the site, we collect data that is displayed in the comment form, as well as the visitor's IP address and the user's browser-based spindle detection help string.<\/span><\/span><\/p>\n<p><span title=\"An anonymized string created from your email address (also called a hash) may be provided to the Gravatar service to see if you are using it.\">The Gravatar service can provide an anonymous string created from your email address (also called hash) to see if you are using it. <\/span><span title=\"The Gravatar service privacy policy is available here: https:\/\/automattic.com\/privacy\/.\">The Gravatar Privacy Policy is available here: https:\/\/automattic.com\/privacy\/. <\/span><span title=\"After approval of your comment, your profile picture is visible to the public in the context of your comment. \">After confirming your comment, your profile picture is displayed to the public as part of your comment.<\/span><\/p>\n<h3>Media<\/h3>\n<p><span id=\"result_box\" class=\"\" lang=\"sl\"><span title=\"If you upload images to the website, you should avoid uploading images with embedded location data (EXIF GPS) included.\">If you upload images to a website, you must avoid uploading images with built-in location data (EXIF GPS). <\/span><span title=\"Visitors to the website can download and extract any location data from images on the website. \">Site visitors can download and retrieve all location information from images on a website.<\/span><\/span><\/p>\n<h3>Contact forms<\/h3>\n<p><span id=\"result_box\" class=\"\" lang=\"sl\"><span title=\"If you upload images to the website, you should avoid uploading images with embedded location data (EXIF GPS) included.\">If you choose to contact us via our contact form, we will only use your information to answer your question \/ demand. We will not include you as news recipients or otherwise save your information in any way.<br \/>\n<\/span><\/span><\/p>\n<h3>Cookies<\/h3>\n<p><span id=\"result_box\" class=\"\" lang=\"sl\"><span title=\"If you leave a comment on our site you may opt-in to saving your name, email address and website in cookies.\">If you leave a comment on our website, you can choose to save your name, e-mail address and website in cookies. <\/span><span title=\"These are for your convenience so that you do not have to fill in your details again when you leave another comment.\">These are for your convenience, so you do not have to complete the details again when you leave a new comment. <\/span><span title=\"These cookies will last for one year. \">These cookies will last for one year.<\/span><\/span><\/p>\n<p><span title=\"If you have an account and you log in to this site, we will set a temporary cookie to determine if your browser accepts cookies.\">If you have an account and sign up for this site, we will set up a provisional cookie to determine if your browser accepts cookies. <\/span><span title=\"This cookie contains no personal data and is discarded when you close your browser. \">This cookie does not contain personal information and is discarded when you close the browser.<\/span><\/p>\n<p><span title=\"When you log in, we will also set up several cookies to save your login information and your screen display choices.\">When you sign in, we will also set up several cookies to save login information and selected screens on the screen. <\/span><span title=\"Login cookies last for two days, and screen options cookies last for a year.\">Sign-in cookies take two days, and cookie options take up to one year. <\/span><span title=\"If you select &quot;Remember Me&quot;, your login will persist for two weeks.\">If you choose \"Remember Me\", your application will last for two weeks. <\/span><span title=\"If you log out of your account, the login cookies will be removed. \">If you sign out of your account, signing cookies will be removed.<\/span><\/p>\n<p><span title=\"If you edit or publish an article, an additional cookie will be saved in your browser.\">If you are editing or posting an article, the extra cookie will be stored in your browser. <\/span><span title=\"This cookie includes no personal data and simply indicates the post ID of the article you just edited.\">This cookie does not include personal information and simply identifies the publication number of the article you just edited. <\/span><span title=\"It expires after 1 day. \">It expires after 1 day.<\/span><\/p>\n<h3>Embedded content from other sites<\/h3>\n<p><span id=\"result_box\" class=\"\" lang=\"sl\"><span title=\"Articles on this site may include embedded content (e.g. videos, images, articles, etc.).\">Articles on this site may contain embedded content (eg videos, pictures, articles, etc.). <\/span><span title=\"Embedded content from other websites behaves in the exact same way as if the visitor has visited the other website. \">Embedded content from other sites is behave the same way that a visitor visits another site.<\/span><\/span><\/p>\n<p><span title=\"These websites may collect data about you, use cookies, embed additional third-party tracking, and monitor your interaction with that embedded content, including tracing your interaction with the embedded content if you have an account and are logged in to that website. \">These sites can collect information about themselves, use cookies, embed additional tracking to a third party, and control your interaction with this embedded content, including interacting with embedded content if you have an account and are signed in to this site.<\/span><\/p>\n<h3>Analytics<\/h3>\n<h2>With whom do we share your information?<\/h2>\n<p>We do not share your information with third parties or other companies. Analytics are used only to improve the performance of this site.<\/p>\n<h2>How much time do we keep your information?<\/h2>\n<p><span id=\"result_box\" class=\"\" lang=\"sl\"><span title=\"If you leave a comment, the comment and its metadata are retained indefinitely.\">If you leave a comment, the comment and its metadata are retained for an indefinite period of time. <\/span><span title=\"This is so we can recognize and approve any follow-up comments automatically instead of holding them in a moderation queue. \">This is so that we can automatically recognize and approve further comments, instead of keeping them in the queue.<\/span><\/span><\/p>\n<p><span title=\"For users that register on our website (if any), we also store the personal information they provide in their user profile.\">For users who log in to our website (if any), we also store personal information that they provide in their user profile. <\/span><span title=\"All users can see, edit, or delete their personal information at any time (except they cannot change their username).\">All users can view, edit or delete their personal information at any time (unless they can not change their username). <\/span><span title=\"Website administrators can also see and edit that information. \">Site administrators can also view and edit this information.<\/span><\/p>\n<h2>What rights do you have on your information<\/h2>\n<p><span id=\"result_box\" class=\"\" lang=\"sl\"><span title=\"If you have an account on this site, or have left comments, you can request to receive an exported file of the personal data we hold about you, including any data you have provided to us.\">If you have an account or leave comments on this site, you can request that you receive the exported personal data file that we have about you, including the information you provided to us. <\/span><span title=\"You can also request that we erase any personal data we hold about you.\">You can also request that we delete any personal information that we have about you. <\/span><span title=\"This does not include any data we are obliged to keep for administrative, legal, or security purposes. \">This does not include data that we need to keep for administrative, legal or security purposes.<\/span><\/span><\/p>\n<h2>Where we send your data<\/h2>\n<p><span id=\"result_box\" class=\"\" lang=\"sl\"><span title=\"Visitor comments may be checked through an automated spam detection service. \">Visitor comments can be verified through an automatic spam detection service<\/span><\/span><\/p>\n<h3><\/h3>","protected":false},"excerpt":{"rendered":"<p>Kdo smo? Na\u0161a spletna stran je: https:\/\/danztrans.si. Kak\u0161ne osebne podatke zbiramo in zakaj Komentarji Ko obiskovalci zapustijo komentarje na spletnem mestu, zbiramo podatke, ki so prikazani v obrazcu za komentiranje, in tudi naslov IP-ja obiskovalca in uporabni\u0161ki niz brskalnika za pomo\u010d pri odkrivanju ne\u017eelene po\u0161te. Storitvi Gravatar se lahko zagotovi [&hellip;]<\/p>\n","protected":false},"author":1,"featured_media":59,"parent":0,"menu_order":0,"comment_status":"closed","ping_status":"closed","template":"","meta":{"footnotes":""},"yoast_head":"<!-- This site is optimized with the Yoast SEO plugin v23.5 - https:\/\/yoast.com\/wordpress\/plugins\/seo\/ -->\n<title>DANZTRANS - Politika zasebnosti<\/title>\n<meta name=\"robots\" content=\"index, follow, max-snippet:-1, max-image-preview:large, max-video-preview:-1\" \/>\n<link rel=\"canonical\" href=\"https:\/\/danztrans.si\/en\/politika-zasebnosti\/\" \/>\n<meta property=\"og:locale\" content=\"en_GB\" \/>\n<meta property=\"og:type\" content=\"article\" \/>\n<meta property=\"og:title\" content=\"DANZTRANS - Politika zasebnosti\" \/>\n<meta property=\"og:description\" content=\"Kdo smo? Na\u0161a spletna stran je: https:\/\/danztrans.si. Kak\u0161ne osebne podatke zbiramo in zakaj Komentarji Ko obiskovalci zapustijo komentarje na spletnem mestu, zbiramo podatke, ki so prikazani v obrazcu za komentiranje, in tudi naslov IP-ja obiskovalca in uporabni\u0161ki niz brskalnika za pomo\u010d pri odkrivanju ne\u017eelene po\u0161te. Storitvi Gravatar se lahko zagotovi [&hellip;]\" \/>\n<meta property=\"og:url\" content=\"https:\/\/danztrans.si\/en\/politika-zasebnosti\/\" \/>\n<meta property=\"og:site_name\" content=\"DANZTRANS\" \/>\n<meta property=\"article:publisher\" content=\"https:\/\/www.facebook.com\/DANZTRANS\/\" \/>\n<meta property=\"article:modified_time\" content=\"2018-05-31T16:24:26+00:00\" \/>\n<meta property=\"og:image\" content=\"https:\/\/danztrans.si\/wp-content\/uploads\/2017\/11\/OE5MH40-1024x819.jpg\" \/>\n\t<meta property=\"og:image:width\" content=\"1024\" \/>\n\t<meta property=\"og:image:height\" content=\"819\" \/>\n\t<meta property=\"og:image:type\" content=\"image\/jpeg\" \/>\n<meta name=\"twitter:card\" content=\"summary_large_image\" \/>\n<meta name=\"twitter:label1\" content=\"Estimated reading time\" \/>\n\t<meta name=\"twitter:data1\" content=\"3 minutes\" \/>\n<script type=\"application\/ld+json\" class=\"yoast-schema-graph\">{\"@context\":\"https:\/\/schema.org\",\"@graph\":[{\"@type\":\"WebPage\",\"@id\":\"https:\/\/danztrans.si\/politika-zasebnosti\/\",\"url\":\"https:\/\/danztrans.si\/politika-zasebnosti\/\",\"name\":\"DANZTRANS - Politika zasebnosti\",\"isPartOf\":{\"@id\":\"https:\/\/danztrans.si\/#website\"},\"primaryImageOfPage\":{\"@id\":\"https:\/\/danztrans.si\/politika-zasebnosti\/#primaryimage\"},\"image\":{\"@id\":\"https:\/\/danztrans.si\/politika-zasebnosti\/#primaryimage\"},\"thumbnailUrl\":\"https:\/\/danztrans.si\/wp-content\/uploads\/2017\/11\/OE5MH40.jpg\",\"datePublished\":\"2018-05-31T16:23:02+00:00\",\"dateModified\":\"2018-05-31T16:24:26+00:00\",\"breadcrumb\":{\"@id\":\"https:\/\/danztrans.si\/politika-zasebnosti\/#breadcrumb\"},\"inLanguage\":\"en-GB\",\"potentialAction\":[{\"@type\":\"ReadAction\",\"target\":[\"https:\/\/danztrans.si\/politika-zasebnosti\/\"]}]},{\"@type\":\"ImageObject\",\"inLanguage\":\"en-GB\",\"@id\":\"https:\/\/danztrans.si\/politika-zasebnosti\/#primaryimage\",\"url\":\"https:\/\/danztrans.si\/wp-content\/uploads\/2017\/11\/OE5MH40.jpg\",\"contentUrl\":\"https:\/\/danztrans.si\/wp-content\/uploads\/2017\/11\/OE5MH40.jpg\",\"width\":5000,\"height\":4000},{\"@type\":\"BreadcrumbList\",\"@id\":\"https:\/\/danztrans.si\/politika-zasebnosti\/#breadcrumb\",\"itemListElement\":[{\"@type\":\"ListItem\",\"position\":1,\"name\":\"Home\",\"item\":\"https:\/\/danztrans.si\/\"},{\"@type\":\"ListItem\",\"position\":2,\"name\":\"Politika zasebnosti\"}]},{\"@type\":\"WebSite\",\"@id\":\"https:\/\/danztrans.si\/#website\",\"url\":\"https:\/\/danztrans.si\/\",\"name\":\"DANZTRANS\",\"description\":\"DANZTRANS-V sodelovanju z Vami\",\"publisher\":{\"@id\":\"https:\/\/danztrans.si\/#organization\"},\"potentialAction\":[{\"@type\":\"SearchAction\",\"target\":{\"@type\":\"EntryPoint\",\"urlTemplate\":\"https:\/\/danztrans.si\/?s={search_term_string}\"},\"query-input\":{\"@type\":\"PropertyValueSpecification\",\"valueRequired\":true,\"valueName\":\"search_term_string\"}}],\"inLanguage\":\"en-GB\"},{\"@type\":\"Organization\",\"@id\":\"https:\/\/danztrans.si\/#organization\",\"name\":\"DANZTRANS, Transport in Logistika, d.o.o.\",\"url\":\"https:\/\/danztrans.si\/\",\"logo\":{\"@type\":\"ImageObject\",\"inLanguage\":\"en-GB\",\"@id\":\"https:\/\/danztrans.si\/#\/schema\/logo\/image\/\",\"url\":\"https:\/\/danztrans.si\/wp-content\/uploads\/2017\/11\/logo-in-slogan-06-e1511897632518.png\",\"contentUrl\":\"https:\/\/danztrans.si\/wp-content\/uploads\/2017\/11\/logo-in-slogan-06-e1511897632518.png\",\"width\":800,\"height\":1132,\"caption\":\"DANZTRANS, Transport in Logistika, d.o.o.\"},\"image\":{\"@id\":\"https:\/\/danztrans.si\/#\/schema\/logo\/image\/\"},\"sameAs\":[\"https:\/\/www.facebook.com\/DANZTRANS\/\",\"https:\/\/www.instagram.com\/danztrans_transport_logistics\/\"]}]}<\/script>\n<!-- \/ Yoast SEO plugin. -->","yoast_head_json":{"title":"DANZTRANS - Politika zasebnosti","robots":{"index":"index","follow":"follow","max-snippet":"max-snippet:-1","max-image-preview":"max-image-preview:large","max-video-preview":"max-video-preview:-1"},"canonical":"https:\/\/danztrans.si\/en\/politika-zasebnosti\/","og_locale":"en_GB","og_type":"article","og_title":"DANZTRANS - Politika zasebnosti","og_description":"Kdo smo? Na\u0161a spletna stran je: https:\/\/danztrans.si. Kak\u0161ne osebne podatke zbiramo in zakaj Komentarji Ko obiskovalci zapustijo komentarje na spletnem mestu, zbiramo podatke, ki so prikazani v obrazcu za komentiranje, in tudi naslov IP-ja obiskovalca in uporabni\u0161ki niz brskalnika za pomo\u010d pri odkrivanju ne\u017eelene po\u0161te. Storitvi Gravatar se lahko zagotovi [&hellip;]","og_url":"https:\/\/danztrans.si\/en\/politika-zasebnosti\/","og_site_name":"DANZTRANS","article_publisher":"https:\/\/www.facebook.com\/DANZTRANS\/","article_modified_time":"2018-05-31T16:24:26+00:00","og_image":[{"width":1024,"height":819,"url":"https:\/\/danztrans.si\/wp-content\/uploads\/2017\/11\/OE5MH40-1024x819.jpg","type":"image\/jpeg"}],"twitter_card":"summary_large_image","twitter_misc":{"Estimated reading time":"3 minutes"},"schema":{"@context":"https:\/\/schema.org","@graph":[{"@type":"WebPage","@id":"https:\/\/danztrans.si\/politika-zasebnosti\/","url":"https:\/\/danztrans.si\/politika-zasebnosti\/","name":"DANZTRANS - Politika zasebnosti","isPartOf":{"@id":"https:\/\/danztrans.si\/#website"},"primaryImageOfPage":{"@id":"https:\/\/danztrans.si\/politika-zasebnosti\/#primaryimage"},"image":{"@id":"https:\/\/danztrans.si\/politika-zasebnosti\/#primaryimage"},"thumbnailUrl":"https:\/\/danztrans.si\/wp-content\/uploads\/2017\/11\/OE5MH40.jpg","datePublished":"2018-05-31T16:23:02+00:00","dateModified":"2018-05-31T16:24:26+00:00","breadcrumb":{"@id":"https:\/\/danztrans.si\/politika-zasebnosti\/#breadcrumb"},"inLanguage":"en-GB","potentialAction":[{"@type":"ReadAction","target":["https:\/\/danztrans.si\/politika-zasebnosti\/"]}]},{"@type":"ImageObject","inLanguage":"en-GB","@id":"https:\/\/danztrans.si\/politika-zasebnosti\/#primaryimage","url":"https:\/\/danztrans.si\/wp-content\/uploads\/2017\/11\/OE5MH40.jpg","contentUrl":"https:\/\/danztrans.si\/wp-content\/uploads\/2017\/11\/OE5MH40.jpg","width":5000,"height":4000},{"@type":"BreadcrumbList","@id":"https:\/\/danztrans.si\/politika-zasebnosti\/#breadcrumb","itemListElement":[{"@type":"ListItem","position":1,"name":"Home","item":"https:\/\/danztrans.si\/"},{"@type":"ListItem","position":2,"name":"Politika zasebnosti"}]},{"@type":"WebSite","@id":"https:\/\/danztrans.si\/#website","url":"https:\/\/danztrans.si\/","name":"DANZTRANS","description":"DANZTRANS-V sodelovanju z Vami","publisher":{"@id":"https:\/\/danztrans.si\/#organization"},"potentialAction":[{"@type":"SearchAction","target":{"@type":"EntryPoint","urlTemplate":"https:\/\/danztrans.si\/?s={search_term_string}"},"query-input":{"@type":"PropertyValueSpecification","valueRequired":true,"valueName":"search_term_string"}}],"inLanguage":"en-GB"},{"@type":"Organization","@id":"https:\/\/danztrans.si\/#organization","name":"DANZTRANS, Transport in Logistika, d.o.o.","url":"https:\/\/danztrans.si\/","logo":{"@type":"ImageObject","inLanguage":"en-GB","@id":"https:\/\/danztrans.si\/#\/schema\/logo\/image\/","url":"https:\/\/danztrans.si\/wp-content\/uploads\/2017\/11\/logo-in-slogan-06-e1511897632518.png","contentUrl":"https:\/\/danztrans.si\/wp-content\/uploads\/2017\/11\/logo-in-slogan-06-e1511897632518.png","width":800,"height":1132,"caption":"DANZTRANS, Transport in Logistika, d.o.o."},"image":{"@id":"https:\/\/danztrans.si\/#\/schema\/logo\/image\/"},"sameAs":["https:\/\/www.facebook.com\/DANZTRANS\/","https:\/\/www.instagram.com\/danztrans_transport_logistics\/"]}]}},"_links":{"self":[{"href":"https:\/\/danztrans.si\/en\/wp-json\/wp\/v2\/pages\/214"}],"collection":[{"href":"https:\/\/danztrans.si\/en\/wp-json\/wp\/v2\/pages"}],"about":[{"href":"https:\/\/danztrans.si\/en\/wp-json\/wp\/v2\/types\/page"}],"author":[{"embeddable":true,"href":"https:\/\/danztrans.si\/en\/wp-json\/wp\/v2\/users\/1"}],"replies":[{"embeddable":true,"href":"https:\/\/danztrans.si\/en\/wp-json\/wp\/v2\/comments?post=214"}],"version-history":[{"count":4,"href":"https:\/\/danztrans.si\/en\/wp-json\/wp\/v2\/pages\/214\/revisions"}],"predecessor-version":[{"id":220,"href":"https:\/\/danztrans.si\/en\/wp-json\/wp\/v2\/pages\/214\/revisions\/220"}],"wp:featuredmedia":[{"embeddable":true,"href":"https:\/\/danztrans.si\/en\/wp-json\/wp\/v2\/media\/59"}],"wp:attachment":[{"href":"https:\/\/danztrans.si\/en\/wp-json\/wp\/v2\/media?parent=214"}],"curies":[{"name":"wp","href":"https:\/\/api.w.org\/{rel}","templated":true}]}}