{"id":14,"date":"2017-11-08T07:50:45","date_gmt":"2017-11-08T07:50:45","guid":{"rendered":"https:\/\/danztrans.si\/hestia-front\/"},"modified":"2023-09-06T11:11:31","modified_gmt":"2023-09-06T09:11:31","slug":"domov","status":"publish","type":"page","link":"https:\/\/danztrans.si\/en\/","title":{"rendered":"Home"},"content":{"rendered":"<div data-elementor-type=\"wp-page\" data-elementor-id=\"14\" class=\"elementor elementor-14\">\n\t\t\t\t\t\t<div class=\"elementor-inner\">\n\t\t\t\t<div class=\"elementor-section-wrap\">\n\t\t\t\t\t\t\t\t\t<section class=\"elementor-section elementor-top-section elementor-element elementor-element-6a61b589 elementor-section-boxed elementor-section-height-default elementor-section-height-default\" data-id=\"6a61b589\" data-element_type=\"section\">\n\t\t\t\t\t\t<div class=\"elementor-container elementor-column-gap-default\">\n\t\t\t\t\t\t\t<div class=\"elementor-row\">\n\t\t\t\t\t<div class=\"elementor-column elementor-col-100 elementor-top-column elementor-element elementor-element-2404ebb2\" data-id=\"2404ebb2\" data-element_type=\"column\">\n\t\t\t<div class=\"elementor-column-wrap elementor-element-populated\">\n\t\t\t\t\t\t\t<div class=\"elementor-widget-wrap\">\n\t\t\t\t\t\t<div class=\"elementor-element elementor-element-7e9bd6f5 elementor-widget elementor-widget-text-editor\" data-id=\"7e9bd6f5\" data-element_type=\"widget\" data-widget_type=\"text-editor.default\">\n\t\t\t\t<div class=\"elementor-widget-container\">\n\t\t\t\t\t\t\t\t<div class=\"elementor-text-editor elementor-clearfix\">\n\t\t\t\t<blockquote>\n<p>Flexibility, flexibility, creativity, security and reliability are expected from the provider of transport and logistics services. This is precisely why new forms of cooperation are created in the field of transport and logistics, which bring enormous advantages for the customers of transport and logistics services. Due to all this, a new, young and innovative company - DANZTRANS, created by a 25-year industry experience. The company strives to offer its customers fast, flexible, reliable, safe and timely transport and logistics solutions, which means that we are always on the hunt for active solutions for our customers. We strive to develop new products and ideas in order to satisfy the needs of our customers as a whole. We provide customers with a professional approach with a wide range of experience and high quality services at competitive prices.<br \/>We are looking for solutions - we create partnerships.<\/p>\n<p><img loading=\"lazy\" decoding=\"async\" src=\"https:\/\/danztrans.si\/wp-content\/uploads\/2023\/09\/boniteta-2023-300x75.png\" alt=\"\" width=\"300\" height=\"75\" class=\"alignnone size-medium wp-image-529\" srcset=\"https:\/\/danztrans.si\/wp-content\/uploads\/2023\/09\/boniteta-2023-300x75.png 300w, https:\/\/danztrans.si\/wp-content\/uploads\/2023\/09\/boniteta-2023-768x192.png 768w, https:\/\/danztrans.si\/wp-content\/uploads\/2023\/09\/boniteta-2023-18x4.png 18w, https:\/\/danztrans.si\/wp-content\/uploads\/2023\/09\/boniteta-2023.png 802w\" sizes=\"(max-width: 300px) 100vw, 300px\" \/><\/p>\n<\/blockquote>\n<!-- wp:html -->\t\t\t\t\t<\/div>\n\t\t\t\t\t\t<\/div>\n\t\t\t\t<\/div>\n\t\t\t\t\t\t<\/div>\n\t\t\t\t\t<\/div>\n\t\t<\/div>\n\t\t\t\t\t\t\t\t<\/div>\n\t\t\t\t\t<\/div>\n\t\t<\/section>\n\t\t\t\t\t\t\t\t\t<\/div>\n\t\t\t<\/div>\n\t\t\t\t\t<\/div>","protected":false},"excerpt":{"rendered":"<p>Od ponudnika transportnih in logisti\u010dnih storitev se pri\u010dakuje prilagodljivost, fleksibilnost, kreativnost, varnost in zanesljivost. Ravno zaradi tega se na podro\u010dju transporta in logistike kreirajo nove oblike sodelovanja, ki prina\u0161ajo ogromno prednosti za odjemalce transportnih in logisti\u010dnih storitev. Zaradi vsega navedenega se je kreiralo novo, mlado in inovativno podjetje &#8211; DANZTRANS, [&hellip;]<\/p>\n","protected":false},"author":1,"featured_media":242,"parent":0,"menu_order":0,"comment_status":"closed","ping_status":"closed","template":"","meta":{"footnotes":""},"yoast_head":"<!-- This site is optimized with the Yoast SEO plugin v23.5 - https:\/\/yoast.com\/wordpress\/plugins\/seo\/ -->\n<title>Transport in Logistika - DANZTRANS d.o.o.<\/title>\n<meta name=\"description\" content=\"Transport in logistika. Celovite transportne in logisti\u010dne storitve po konkuren\u010dnih cenah. Sedaj tudi FCL&amp;LCL Kitajska-Evropa-Kitajska.\" \/>\n<meta name=\"robots\" content=\"index, follow, max-snippet:-1, max-image-preview:large, max-video-preview:-1\" \/>\n<link rel=\"canonical\" href=\"https:\/\/danztrans.si\/en\/\" \/>\n<meta property=\"og:locale\" content=\"en_GB\" \/>\n<meta property=\"og:type\" content=\"article\" \/>\n<meta property=\"og:title\" content=\"Transport in Logistika - DANZTRANS d.o.o.\" \/>\n<meta property=\"og:description\" content=\"Transport in logistika. Celovite transportne in logisti\u010dne storitve po konkuren\u010dnih cenah. Sedaj tudi FCL&amp;LCL Kitajska-Evropa-Kitajska.\" \/>\n<meta property=\"og:url\" content=\"https:\/\/danztrans.si\/en\/\" \/>\n<meta property=\"og:site_name\" content=\"DANZTRANS\" \/>\n<meta property=\"article:publisher\" content=\"https:\/\/www.facebook.com\/DANZTRANS\/\" \/>\n<meta property=\"article:modified_time\" content=\"2023-09-06T09:11:31+00:00\" \/>\n<meta property=\"og:image\" content=\"https:\/\/danztrans.si\/wp-content\/uploads\/2018\/09\/714-1024x684.jpg\" \/>\n\t<meta property=\"og:image:width\" content=\"1024\" \/>\n\t<meta property=\"og:image:height\" content=\"684\" \/>\n\t<meta property=\"og:image:type\" content=\"image\/jpeg\" \/>\n<meta name=\"twitter:card\" content=\"summary_large_image\" \/>\n<meta name=\"twitter:label1\" content=\"Estimated reading time\" \/>\n\t<meta name=\"twitter:data1\" content=\"1 minute\" \/>\n<script type=\"application\/ld+json\" class=\"yoast-schema-graph\">{\"@context\":\"https:\/\/schema.org\",\"@graph\":[{\"@type\":\"WebPage\",\"@id\":\"https:\/\/danztrans.si\/\",\"url\":\"https:\/\/danztrans.si\/\",\"name\":\"Transport in Logistika - DANZTRANS d.o.o.\",\"isPartOf\":{\"@id\":\"https:\/\/danztrans.si\/#website\"},\"primaryImageOfPage\":{\"@id\":\"https:\/\/danztrans.si\/#primaryimage\"},\"image\":{\"@id\":\"https:\/\/danztrans.si\/#primaryimage\"},\"thumbnailUrl\":\"https:\/\/danztrans.si\/wp-content\/uploads\/2018\/09\/714.jpg\",\"datePublished\":\"2017-11-08T07:50:45+00:00\",\"dateModified\":\"2023-09-06T09:11:31+00:00\",\"description\":\"Transport in logistika. Celovite transportne in logisti\u010dne storitve po konkuren\u010dnih cenah. Sedaj tudi FCL&LCL Kitajska-Evropa-Kitajska.\",\"breadcrumb\":{\"@id\":\"https:\/\/danztrans.si\/#breadcrumb\"},\"inLanguage\":\"en-GB\",\"potentialAction\":[{\"@type\":\"ReadAction\",\"target\":[\"https:\/\/danztrans.si\/\"]}]},{\"@type\":\"ImageObject\",\"inLanguage\":\"en-GB\",\"@id\":\"https:\/\/danztrans.si\/#primaryimage\",\"url\":\"https:\/\/danztrans.si\/wp-content\/uploads\/2018\/09\/714.jpg\",\"contentUrl\":\"https:\/\/danztrans.si\/wp-content\/uploads\/2018\/09\/714.jpg\",\"width\":5935,\"height\":3962,\"caption\":\"Ponujamo prevoze na vse destinacije iz na\u0161ega seznama.\"},{\"@type\":\"BreadcrumbList\",\"@id\":\"https:\/\/danztrans.si\/#breadcrumb\",\"itemListElement\":[{\"@type\":\"ListItem\",\"position\":1,\"name\":\"Home\",\"item\":\"https:\/\/danztrans.si\/\"},{\"@type\":\"ListItem\",\"position\":2,\"name\":\"Domov\"}]},{\"@type\":\"WebSite\",\"@id\":\"https:\/\/danztrans.si\/#website\",\"url\":\"https:\/\/danztrans.si\/\",\"name\":\"DANZTRANS\",\"description\":\"DANZTRANS-V sodelovanju z Vami\",\"publisher\":{\"@id\":\"https:\/\/danztrans.si\/#organization\"},\"potentialAction\":[{\"@type\":\"SearchAction\",\"target\":{\"@type\":\"EntryPoint\",\"urlTemplate\":\"https:\/\/danztrans.si\/?s={search_term_string}\"},\"query-input\":{\"@type\":\"PropertyValueSpecification\",\"valueRequired\":true,\"valueName\":\"search_term_string\"}}],\"inLanguage\":\"en-GB\"},{\"@type\":\"Organization\",\"@id\":\"https:\/\/danztrans.si\/#organization\",\"name\":\"DANZTRANS, Transport in Logistika, d.o.o.\",\"url\":\"https:\/\/danztrans.si\/\",\"logo\":{\"@type\":\"ImageObject\",\"inLanguage\":\"en-GB\",\"@id\":\"https:\/\/danztrans.si\/#\/schema\/logo\/image\/\",\"url\":\"https:\/\/danztrans.si\/wp-content\/uploads\/2017\/11\/logo-in-slogan-06-e1511897632518.png\",\"contentUrl\":\"https:\/\/danztrans.si\/wp-content\/uploads\/2017\/11\/logo-in-slogan-06-e1511897632518.png\",\"width\":800,\"height\":1132,\"caption\":\"DANZTRANS, Transport in Logistika, d.o.o.\"},\"image\":{\"@id\":\"https:\/\/danztrans.si\/#\/schema\/logo\/image\/\"},\"sameAs\":[\"https:\/\/www.facebook.com\/DANZTRANS\/\",\"https:\/\/www.instagram.com\/danztrans_transport_logistics\/\"]}]}<\/script>\n<!-- \/ Yoast SEO plugin. -->","yoast_head_json":{"title":"Transport in Logistika - DANZTRANS d.o.o.","description":"Transport in logistika. Celovite transportne in logisti\u010dne storitve po konkuren\u010dnih cenah. Sedaj tudi FCL&LCL Kitajska-Evropa-Kitajska.","robots":{"index":"index","follow":"follow","max-snippet":"max-snippet:-1","max-image-preview":"max-image-preview:large","max-video-preview":"max-video-preview:-1"},"canonical":"https:\/\/danztrans.si\/en\/","og_locale":"en_GB","og_type":"article","og_title":"Transport in Logistika - DANZTRANS d.o.o.","og_description":"Transport in logistika. Celovite transportne in logisti\u010dne storitve po konkuren\u010dnih cenah. Sedaj tudi FCL&LCL Kitajska-Evropa-Kitajska.","og_url":"https:\/\/danztrans.si\/en\/","og_site_name":"DANZTRANS","article_publisher":"https:\/\/www.facebook.com\/DANZTRANS\/","article_modified_time":"2023-09-06T09:11:31+00:00","og_image":[{"width":1024,"height":684,"url":"https:\/\/danztrans.si\/wp-content\/uploads\/2018\/09\/714-1024x684.jpg","type":"image\/jpeg"}],"twitter_card":"summary_large_image","twitter_misc":{"Estimated reading time":"1 minute"},"schema":{"@context":"https:\/\/schema.org","@graph":[{"@type":"WebPage","@id":"https:\/\/danztrans.si\/","url":"https:\/\/danztrans.si\/","name":"Transport in Logistika - DANZTRANS d.o.o.","isPartOf":{"@id":"https:\/\/danztrans.si\/#website"},"primaryImageOfPage":{"@id":"https:\/\/danztrans.si\/#primaryimage"},"image":{"@id":"https:\/\/danztrans.si\/#primaryimage"},"thumbnailUrl":"https:\/\/danztrans.si\/wp-content\/uploads\/2018\/09\/714.jpg","datePublished":"2017-11-08T07:50:45+00:00","dateModified":"2023-09-06T09:11:31+00:00","description":"Transport in logistika. Celovite transportne in logisti\u010dne storitve po konkuren\u010dnih cenah. Sedaj tudi FCL&LCL Kitajska-Evropa-Kitajska.","breadcrumb":{"@id":"https:\/\/danztrans.si\/#breadcrumb"},"inLanguage":"en-GB","potentialAction":[{"@type":"ReadAction","target":["https:\/\/danztrans.si\/"]}]},{"@type":"ImageObject","inLanguage":"en-GB","@id":"https:\/\/danztrans.si\/#primaryimage","url":"https:\/\/danztrans.si\/wp-content\/uploads\/2018\/09\/714.jpg","contentUrl":"https:\/\/danztrans.si\/wp-content\/uploads\/2018\/09\/714.jpg","width":5935,"height":3962,"caption":"Ponujamo prevoze na vse destinacije iz na\u0161ega seznama."},{"@type":"BreadcrumbList","@id":"https:\/\/danztrans.si\/#breadcrumb","itemListElement":[{"@type":"ListItem","position":1,"name":"Home","item":"https:\/\/danztrans.si\/"},{"@type":"ListItem","position":2,"name":"Domov"}]},{"@type":"WebSite","@id":"https:\/\/danztrans.si\/#website","url":"https:\/\/danztrans.si\/","name":"DANZTRANS","description":"DANZTRANS-V sodelovanju z Vami","publisher":{"@id":"https:\/\/danztrans.si\/#organization"},"potentialAction":[{"@type":"SearchAction","target":{"@type":"EntryPoint","urlTemplate":"https:\/\/danztrans.si\/?s={search_term_string}"},"query-input":{"@type":"PropertyValueSpecification","valueRequired":true,"valueName":"search_term_string"}}],"inLanguage":"en-GB"},{"@type":"Organization","@id":"https:\/\/danztrans.si\/#organization","name":"DANZTRANS, Transport in Logistika, d.o.o.","url":"https:\/\/danztrans.si\/","logo":{"@type":"ImageObject","inLanguage":"en-GB","@id":"https:\/\/danztrans.si\/#\/schema\/logo\/image\/","url":"https:\/\/danztrans.si\/wp-content\/uploads\/2017\/11\/logo-in-slogan-06-e1511897632518.png","contentUrl":"https:\/\/danztrans.si\/wp-content\/uploads\/2017\/11\/logo-in-slogan-06-e1511897632518.png","width":800,"height":1132,"caption":"DANZTRANS, Transport in Logistika, d.o.o."},"image":{"@id":"https:\/\/danztrans.si\/#\/schema\/logo\/image\/"},"sameAs":["https:\/\/www.facebook.com\/DANZTRANS\/","https:\/\/www.instagram.com\/danztrans_transport_logistics\/"]}]}},"_links":{"self":[{"href":"https:\/\/danztrans.si\/en\/wp-json\/wp\/v2\/pages\/14"}],"collection":[{"href":"https:\/\/danztrans.si\/en\/wp-json\/wp\/v2\/pages"}],"about":[{"href":"https:\/\/danztrans.si\/en\/wp-json\/wp\/v2\/types\/page"}],"author":[{"embeddable":true,"href":"https:\/\/danztrans.si\/en\/wp-json\/wp\/v2\/users\/1"}],"replies":[{"embeddable":true,"href":"https:\/\/danztrans.si\/en\/wp-json\/wp\/v2\/comments?post=14"}],"version-history":[{"count":13,"href":"https:\/\/danztrans.si\/en\/wp-json\/wp\/v2\/pages\/14\/revisions"}],"predecessor-version":[{"id":532,"href":"https:\/\/danztrans.si\/en\/wp-json\/wp\/v2\/pages\/14\/revisions\/532"}],"wp:featuredmedia":[{"embeddable":true,"href":"https:\/\/danztrans.si\/en\/wp-json\/wp\/v2\/media\/242"}],"wp:attachment":[{"href":"https:\/\/danztrans.si\/en\/wp-json\/wp\/v2\/media?parent=14"}],"curies":[{"name":"wp","href":"https:\/\/api.w.org\/{rel}","templated":true}]}}