{"id":130,"date":"2017-12-07T16:56:21","date_gmt":"2017-12-07T15:56:21","guid":{"rendered":"https:\/\/danztrans.si\/?page_id=130"},"modified":"2025-09-25T20:36:20","modified_gmt":"2025-09-25T18:36:20","slug":"kontakt","status":"publish","type":"page","link":"https:\/\/danztrans.si\/en\/kontakt\/","title":{"rendered":"Contact"},"content":{"rendered":"<div id=\"pl-130\"  class=\"panel-layout\" ><div id=\"pg-130-0\"  class=\"panel-grid panel-no-style\" ><div id=\"pgc-130-0-0\"  class=\"panel-grid-cell\" ><div id=\"panel-130-0-0-0\" class=\"so-panel widget widget_sow-hero panel-first-child panel-last-child\" data-index=\"0\" ><div\n\t\t\t\n\t\t\tclass=\"so-widget-sow-hero so-widget-sow-hero-default-a41ecc6b9017-130\"\n\t\t\t\n\t\t>\t\t\t\t<div class=\"sow-slider-base\" style=\"display: none\" tabindex=\"0\">\n\t\t\t\t\t<ul\n\t\t\t\t\tclass=\"sow-slider-images\"\n\t\t\t\t\tdata-settings=\"{&quot;pagination&quot;:true,&quot;speed&quot;:800,&quot;timeout&quot;:8000,&quot;paused&quot;:false,&quot;pause_on_hover&quot;:false,&quot;swipe&quot;:false,&quot;nav_always_show_desktop&quot;:&quot;&quot;,&quot;nav_always_show_mobile&quot;:&quot;&quot;,&quot;breakpoint&quot;:&quot;780px&quot;,&quot;unmute&quot;:false,&quot;anchor&quot;:null}\"\n\t\t\t\t\t\t\t\t\t\tdata-anchor-id=\"\"\n\t\t\t\t>\t\t<li class=\"sow-slider-image  sow-slider-image-cover\" style=\"visibility: visible;;background-color: #333333;background-image: url(http:\/\/layouts.siteorigin.com\/wp-content\/uploads\/2015\/08\/need-a-designer.jpg#2000x1000)\" >\n\t\t\t\t\t<div class=\"sow-slider-image-container\">\n\t\t\t<div class=\"sow-slider-image-wrapper\">\n\t\t\t\t<h1 style=\"text-align: center\">Stopite v stik z nami<\/h1>\n<h3 style=\"text-align: center\">Specialisti za logisti\u010dne in transportne re\u0161itve<\/h3>\t\t\t<\/div>\n\t\t<\/div>\n\t\t\t\t<\/li>\n\t\t<\/ul>\t\t\t\t<ol class=\"sow-slider-pagination\">\n\t\t\t\t\t\t\t\t\t\t\t<li><a href=\"#\" data-goto=\"0\" aria-label=\"Display slide 1\"><\/a><\/li>\n\t\t\t\t\t\t\t\t\t<\/ol>\n\n\t\t\t\t<div class=\"sow-slide-nav sow-slide-nav-next\">\n\t\t\t\t\t<a href=\"#\" data-goto=\"next\" aria-label=\"Next slide\" data-action=\"next\">\n\t\t\t\t\t\t<em class=\"sow-sld-icon-thin-right\"><\/em>\n\t\t\t\t\t<\/a>\n\t\t\t\t<\/div>\n\n\t\t\t\t<div class=\"sow-slide-nav sow-slide-nav-prev\">\n\t\t\t\t\t<a href=\"#\" data-goto=\"previous\" aria-label=\"Previous slide\" data-action=\"prev\">\n\t\t\t\t\t\t<em class=\"sow-sld-icon-thin-left\"><\/em>\n\t\t\t\t\t<\/a>\n\t\t\t\t<\/div>\n\t\t\t\t<\/div><\/div><\/div><\/div><\/div><div id=\"pg-130-1\"  class=\"panel-grid panel-has-style\" ><div class=\"panel-row-style panel-row-style-for-130-1\" ><div id=\"pgc-130-1-0\"  class=\"panel-grid-cell\" ><div id=\"panel-130-1-0-0\" class=\"so-panel widget widget_siteorigin-panels-builder panel-first-child panel-last-child\" data-index=\"1\" ><div id=\"pl-w5c88f423deaa9\"  class=\"panel-layout\" ><div id=\"pg-w5c88f423deaa9-0\"  class=\"panel-grid panel-no-style\" ><div id=\"pgc-w5c88f423deaa9-0-0\"  class=\"panel-grid-cell\" ><div id=\"panel-w5c88f423deaa9-0-0-0\" class=\"so-panel widget widget_sow-editor panel-first-child panel-last-child\" data-index=\"0\" ><div class=\"panel-widget-style panel-widget-style-for-w5c88f423deaa9-0-0-0\" ><div\n\t\t\t\n\t\t\tclass=\"so-widget-sow-editor so-widget-sow-editor-base\"\n\t\t\t\n\t\t>\n<div class=\"siteorigin-widget-tinymce textwidget\">\n\t<h1 class=\"h5\">Pokli\u010dite nas<\/h1>\n<p>+386 (0)1 3200 502<\/p>\n<p>+386 (0) 41 646 918<\/p>\n<p>+386 (0) 30 722 422<\/p>\n<p><span style=\"color: #0073aa;\"><a style=\"color: #0073aa;\" href=\"mailto:info@siteorigin.com\"><\/a><\/span><\/p>\n<\/div>\n<\/div><\/div><\/div><\/div><div id=\"pgc-w5c88f423deaa9-0-1\"  class=\"panel-grid-cell\" ><div id=\"panel-w5c88f423deaa9-0-1-0\" class=\"so-panel widget widget_sow-editor panel-first-child panel-last-child\" data-index=\"1\" ><div class=\"panel-widget-style panel-widget-style-for-w5c88f423deaa9-0-1-0\" ><div\n\t\t\t\n\t\t\tclass=\"so-widget-sow-editor so-widget-sow-editor-base\"\n\t\t\t\n\t\t>\n<div class=\"siteorigin-widget-tinymce textwidget\">\n\t<h1 class=\"h5\">Pi\u0161ite nam<\/h1>\n<p><a href=\"mailto:danijel.novak@danztrans.si\">danijel.novak@danztrans.si<\/a><\/p>\n<\/div>\n<\/div><\/div><\/div><\/div><div id=\"pgc-w5c88f423deaa9-0-2\"  class=\"panel-grid-cell\" ><div id=\"panel-w5c88f423deaa9-0-2-0\" class=\"so-panel widget widget_sow-editor panel-first-child panel-last-child\" data-index=\"2\" ><div class=\"panel-widget-style panel-widget-style-for-w5c88f423deaa9-0-2-0\" ><div\n\t\t\t\n\t\t\tclass=\"so-widget-sow-editor so-widget-sow-editor-base\"\n\t\t\t\n\t\t>\n<div class=\"siteorigin-widget-tinymce textwidget\">\n\t<h1 class=\"h5\">Obi\u0161\u010dite nas<\/h1>\n<div class=\"js_newsletter-form\">\n<p>Letali\u0161ka cesta 16<\/p>\n<p>1000 Ljubljana<\/p>\n<p>EU<\/p>\n<\/div><\/div>\n<\/div><\/div><\/div><\/div><div id=\"pgc-w5c88f423deaa9-0-3\"  class=\"panel-grid-cell\" ><div id=\"panel-w5c88f423deaa9-0-3-0\" class=\"so-panel widget widget_sow-hero panel-first-child panel-last-child\" data-index=\"3\" ><div\n\t\t\t\n\t\t\tclass=\"so-widget-sow-hero so-widget-sow-hero-default-eb4bc0c9129c so-widget-fittext-wrapper\"\n\t\t\t data-fit-text-compressor=\"0.85\"\n\t\t>\t\t\t\t<div class=\"sow-slider-base\" style=\"display: none\" tabindex=\"0\">\n\t\t\t\t\t<ul\n\t\t\t\t\tclass=\"sow-slider-images\"\n\t\t\t\t\tdata-settings=\"{&quot;pagination&quot;:true,&quot;speed&quot;:800,&quot;timeout&quot;:8000,&quot;paused&quot;:false,&quot;pause_on_hover&quot;:false,&quot;swipe&quot;:true,&quot;nav_always_show_desktop&quot;:&quot;&quot;,&quot;nav_always_show_mobile&quot;:&quot;&quot;,&quot;breakpoint&quot;:&quot;780px&quot;,&quot;unmute&quot;:false,&quot;anchor&quot;:null}\"\n\t\t\t\t\t\t\t\t\t\tdata-anchor-id=\"\"\n\t\t\t\t>\t\t<li class=\"sow-slider-image\" style=\"visibility: visible;;background-color: #182021\" >\n\t\t\t\t\t<div class=\"sow-slider-image-container\">\n\t\t\t<div class=\"sow-slider-image-wrapper\">\n\t\t\t\t<h2 class=\"h5\" style=\"text-align: center\"><span style=\"color: #ffffff\">Postanite na\u0161 partner<br \/><\/span><\/h2>\n<p><\/p>\n<p style=\"text-align: center\"><a href=\"https:\/\/danztrans.si\/domov\/posljite-nam-sporocilo\/\">[Pi\u0161ite]<\/a><\/p>\t\t\t<\/div>\n\t\t<\/div>\n\t\t\t\t<\/li>\n\t\t<\/ul>\t\t\t\t<ol class=\"sow-slider-pagination\">\n\t\t\t\t\t\t\t\t\t\t\t<li><a href=\"#\" data-goto=\"0\" aria-label=\"Display slide 1\"><\/a><\/li>\n\t\t\t\t\t\t\t\t\t<\/ol>\n\n\t\t\t\t<div class=\"sow-slide-nav sow-slide-nav-next\">\n\t\t\t\t\t<a href=\"#\" data-goto=\"next\" aria-label=\"Next slide\" data-action=\"next\">\n\t\t\t\t\t\t<em class=\"sow-sld-icon-thin-right\"><\/em>\n\t\t\t\t\t<\/a>\n\t\t\t\t<\/div>\n\n\t\t\t\t<div class=\"sow-slide-nav sow-slide-nav-prev\">\n\t\t\t\t\t<a href=\"#\" data-goto=\"previous\" aria-label=\"Previous slide\" data-action=\"prev\">\n\t\t\t\t\t\t<em class=\"sow-sld-icon-thin-left\"><\/em>\n\t\t\t\t\t<\/a>\n\t\t\t\t<\/div>\n\t\t\t\t<\/div><\/div><\/div><\/div><\/div><\/div><\/div><\/div><\/div><\/div><div id=\"pg-130-2\"  class=\"panel-grid panel-no-style\" ><div id=\"pgc-130-2-0\"  class=\"panel-grid-cell\" ><div id=\"panel-130-2-0-0\" class=\"so-panel widget widget_sow-google-map panel-first-child panel-last-child\" data-index=\"2\" ><div\n\t\t\t\n\t\t\tclass=\"so-widget-sow-google-map so-widget-sow-google-map-default-6b23895f316e-130\"\n\t\t\t\n\t\t>\n<div class=\"sow-google-map-canvas\"\n\tstyle=\"\"\n\tid=\"map-canvas-d307c1835a4b709673231e10c7403d7b\"\n\tdata-options=\"{&quot;address&quot;:&quot;Letali\\u0161ka cest 16, 1000 Ljubljana, Europe&quot;,&quot;zoom&quot;:18,&quot;mobileZoom&quot;:18,&quot;gestureHandling&quot;:&quot;greedy&quot;,&quot;disableUi&quot;:false,&quot;markerIcon&quot;:false,&quot;markersDraggable&quot;:false,&quot;markerAtCenter&quot;:true,&quot;markerInfoDisplay&quot;:&quot;click&quot;,&quot;markerInfoMultiple&quot;:false,&quot;markerPositions&quot;:false,&quot;mapName&quot;:false,&quot;mapStyles&quot;:false,&quot;directions&quot;:&quot;&quot;,&quot;apiKey&quot;:&quot;AIzaSyDtPUwH5FhBtmh04ISyhhr5zWa0bPYcOIY&quot;,&quot;breakpoint&quot;:780,&quot;id&quot;:&quot;69f5c9&quot;}\"\n\tdata-fallback-image=\"{&quot;img&quot;:&quot;&quot;}\"><\/div>\n<\/div><\/div><\/div><\/div><\/div>","protected":false},"excerpt":{"rendered":"<p>Stopite v stik z nami Specialisti za logisti\u010dne in transportne re\u0161itve Pokli\u010dite nas +386 (0)1 3200 502 +386 (0) 41 646 918 +386 (0) 30 722 422 Pi\u0161ite nam danijel.novak@danztrans.si Obi\u0161\u010dite nas Letali\u0161ka cesta 16 1000 Ljubljana EU Postanite na\u0161 partner [Pi\u0161ite]<\/p>\n","protected":false},"author":1,"featured_media":0,"parent":0,"menu_order":0,"comment_status":"closed","ping_status":"closed","template":"page-templates\/template-pagebuilder-blank.php","meta":{"footnotes":""},"yoast_head":"<!-- This site is optimized with the Yoast SEO plugin v23.5 - https:\/\/yoast.com\/wordpress\/plugins\/seo\/ -->\n<title>DANZTRANS - Kontakt<\/title>\n<meta name=\"description\" content=\"Stopite v stik z nami. Pi\u0161ite nam na danijel.novak@danztrans.si ali nas pokli\u010dite na +386 (0)1 3200 502.\" \/>\n<meta name=\"robots\" content=\"index, follow, max-snippet:-1, max-image-preview:large, max-video-preview:-1\" \/>\n<link rel=\"canonical\" href=\"https:\/\/danztrans.si\/en\/kontakt\/\" \/>\n<meta property=\"og:locale\" content=\"en_GB\" \/>\n<meta property=\"og:type\" content=\"article\" \/>\n<meta property=\"og:title\" content=\"DANZTRANS - Kontakt\" \/>\n<meta property=\"og:description\" content=\"Stopite v stik z nami. Pi\u0161ite nam na danijel.novak@danztrans.si ali nas pokli\u010dite na +386 (0)1 3200 502.\" \/>\n<meta property=\"og:url\" content=\"https:\/\/danztrans.si\/en\/kontakt\/\" \/>\n<meta property=\"og:site_name\" content=\"DANZTRANS\" \/>\n<meta property=\"article:publisher\" content=\"https:\/\/www.facebook.com\/DANZTRANS\/\" \/>\n<meta property=\"article:modified_time\" content=\"2025-09-25T18:36:20+00:00\" \/>\n<meta name=\"twitter:card\" content=\"summary_large_image\" \/>\n<meta name=\"twitter:label1\" content=\"Estimated reading time\" \/>\n\t<meta name=\"twitter:data1\" content=\"1 minute\" \/>\n<script type=\"application\/ld+json\" class=\"yoast-schema-graph\">{\"@context\":\"https:\/\/schema.org\",\"@graph\":[{\"@type\":\"WebPage\",\"@id\":\"https:\/\/danztrans.si\/kontakt\/\",\"url\":\"https:\/\/danztrans.si\/kontakt\/\",\"name\":\"DANZTRANS - Kontakt\",\"isPartOf\":{\"@id\":\"https:\/\/danztrans.si\/#website\"},\"datePublished\":\"2017-12-07T15:56:21+00:00\",\"dateModified\":\"2025-09-25T18:36:20+00:00\",\"description\":\"Stopite v stik z nami. Pi\u0161ite nam na danijel.novak@danztrans.si ali nas pokli\u010dite na +386 (0)1 3200 502.\",\"breadcrumb\":{\"@id\":\"https:\/\/danztrans.si\/kontakt\/#breadcrumb\"},\"inLanguage\":\"en-GB\",\"potentialAction\":[{\"@type\":\"ReadAction\",\"target\":[\"https:\/\/danztrans.si\/kontakt\/\"]}]},{\"@type\":\"BreadcrumbList\",\"@id\":\"https:\/\/danztrans.si\/kontakt\/#breadcrumb\",\"itemListElement\":[{\"@type\":\"ListItem\",\"position\":1,\"name\":\"Home\",\"item\":\"https:\/\/danztrans.si\/\"},{\"@type\":\"ListItem\",\"position\":2,\"name\":\"Kontakt\"}]},{\"@type\":\"WebSite\",\"@id\":\"https:\/\/danztrans.si\/#website\",\"url\":\"https:\/\/danztrans.si\/\",\"name\":\"DANZTRANS\",\"description\":\"DANZTRANS-V sodelovanju z Vami\",\"publisher\":{\"@id\":\"https:\/\/danztrans.si\/#organization\"},\"potentialAction\":[{\"@type\":\"SearchAction\",\"target\":{\"@type\":\"EntryPoint\",\"urlTemplate\":\"https:\/\/danztrans.si\/?s={search_term_string}\"},\"query-input\":{\"@type\":\"PropertyValueSpecification\",\"valueRequired\":true,\"valueName\":\"search_term_string\"}}],\"inLanguage\":\"en-GB\"},{\"@type\":\"Organization\",\"@id\":\"https:\/\/danztrans.si\/#organization\",\"name\":\"DANZTRANS, Transport in Logistika, d.o.o.\",\"url\":\"https:\/\/danztrans.si\/\",\"logo\":{\"@type\":\"ImageObject\",\"inLanguage\":\"en-GB\",\"@id\":\"https:\/\/danztrans.si\/#\/schema\/logo\/image\/\",\"url\":\"https:\/\/danztrans.si\/wp-content\/uploads\/2017\/11\/logo-in-slogan-06-e1511897632518.png\",\"contentUrl\":\"https:\/\/danztrans.si\/wp-content\/uploads\/2017\/11\/logo-in-slogan-06-e1511897632518.png\",\"width\":800,\"height\":1132,\"caption\":\"DANZTRANS, Transport in Logistika, d.o.o.\"},\"image\":{\"@id\":\"https:\/\/danztrans.si\/#\/schema\/logo\/image\/\"},\"sameAs\":[\"https:\/\/www.facebook.com\/DANZTRANS\/\",\"https:\/\/www.instagram.com\/danztrans_transport_logistics\/\"]}]}<\/script>\n<!-- \/ Yoast SEO plugin. -->","yoast_head_json":{"title":"DANZTRANS - Kontakt","description":"Stopite v stik z nami. Pi\u0161ite nam na danijel.novak@danztrans.si ali nas pokli\u010dite na +386 (0)1 3200 502.","robots":{"index":"index","follow":"follow","max-snippet":"max-snippet:-1","max-image-preview":"max-image-preview:large","max-video-preview":"max-video-preview:-1"},"canonical":"https:\/\/danztrans.si\/en\/kontakt\/","og_locale":"en_GB","og_type":"article","og_title":"DANZTRANS - Kontakt","og_description":"Stopite v stik z nami. Pi\u0161ite nam na danijel.novak@danztrans.si ali nas pokli\u010dite na +386 (0)1 3200 502.","og_url":"https:\/\/danztrans.si\/en\/kontakt\/","og_site_name":"DANZTRANS","article_publisher":"https:\/\/www.facebook.com\/DANZTRANS\/","article_modified_time":"2025-09-25T18:36:20+00:00","twitter_card":"summary_large_image","twitter_misc":{"Estimated reading time":"1 minute"},"schema":{"@context":"https:\/\/schema.org","@graph":[{"@type":"WebPage","@id":"https:\/\/danztrans.si\/kontakt\/","url":"https:\/\/danztrans.si\/kontakt\/","name":"DANZTRANS - Kontakt","isPartOf":{"@id":"https:\/\/danztrans.si\/#website"},"datePublished":"2017-12-07T15:56:21+00:00","dateModified":"2025-09-25T18:36:20+00:00","description":"Stopite v stik z nami. Pi\u0161ite nam na danijel.novak@danztrans.si ali nas pokli\u010dite na +386 (0)1 3200 502.","breadcrumb":{"@id":"https:\/\/danztrans.si\/kontakt\/#breadcrumb"},"inLanguage":"en-GB","potentialAction":[{"@type":"ReadAction","target":["https:\/\/danztrans.si\/kontakt\/"]}]},{"@type":"BreadcrumbList","@id":"https:\/\/danztrans.si\/kontakt\/#breadcrumb","itemListElement":[{"@type":"ListItem","position":1,"name":"Home","item":"https:\/\/danztrans.si\/"},{"@type":"ListItem","position":2,"name":"Kontakt"}]},{"@type":"WebSite","@id":"https:\/\/danztrans.si\/#website","url":"https:\/\/danztrans.si\/","name":"DANZTRANS","description":"DANZTRANS-V sodelovanju z Vami","publisher":{"@id":"https:\/\/danztrans.si\/#organization"},"potentialAction":[{"@type":"SearchAction","target":{"@type":"EntryPoint","urlTemplate":"https:\/\/danztrans.si\/?s={search_term_string}"},"query-input":{"@type":"PropertyValueSpecification","valueRequired":true,"valueName":"search_term_string"}}],"inLanguage":"en-GB"},{"@type":"Organization","@id":"https:\/\/danztrans.si\/#organization","name":"DANZTRANS, Transport in Logistika, d.o.o.","url":"https:\/\/danztrans.si\/","logo":{"@type":"ImageObject","inLanguage":"en-GB","@id":"https:\/\/danztrans.si\/#\/schema\/logo\/image\/","url":"https:\/\/danztrans.si\/wp-content\/uploads\/2017\/11\/logo-in-slogan-06-e1511897632518.png","contentUrl":"https:\/\/danztrans.si\/wp-content\/uploads\/2017\/11\/logo-in-slogan-06-e1511897632518.png","width":800,"height":1132,"caption":"DANZTRANS, Transport in Logistika, d.o.o."},"image":{"@id":"https:\/\/danztrans.si\/#\/schema\/logo\/image\/"},"sameAs":["https:\/\/www.facebook.com\/DANZTRANS\/","https:\/\/www.instagram.com\/danztrans_transport_logistics\/"]}]}},"_links":{"self":[{"href":"https:\/\/danztrans.si\/en\/wp-json\/wp\/v2\/pages\/130"}],"collection":[{"href":"https:\/\/danztrans.si\/en\/wp-json\/wp\/v2\/pages"}],"about":[{"href":"https:\/\/danztrans.si\/en\/wp-json\/wp\/v2\/types\/page"}],"author":[{"embeddable":true,"href":"https:\/\/danztrans.si\/en\/wp-json\/wp\/v2\/users\/1"}],"replies":[{"embeddable":true,"href":"https:\/\/danztrans.si\/en\/wp-json\/wp\/v2\/comments?post=130"}],"version-history":[{"count":16,"href":"https:\/\/danztrans.si\/en\/wp-json\/wp\/v2\/pages\/130\/revisions"}],"predecessor-version":[{"id":564,"href":"https:\/\/danztrans.si\/en\/wp-json\/wp\/v2\/pages\/130\/revisions\/564"}],"wp:attachment":[{"href":"https:\/\/danztrans.si\/en\/wp-json\/wp\/v2\/media?parent=130"}],"curies":[{"name":"wp","href":"https:\/\/api.w.org\/{rel}","templated":true}]}}